{"id":948,"date":"2010-01-30T13:44:46","date_gmt":"2010-01-30T12:44:46","guid":{"rendered":"http:\/\/www.maltreting.pl\/?page_id=948"},"modified":"2011-11-27T12:32:49","modified_gmt":"2011-11-27T10:32:49","slug":"celebrity-endorsement","status":"publish","type":"page","link":"https:\/\/www.maltreting.pl\/index.php\/rozpaczliwy-slowniczek-marketingowy\/celebrity-endorsement\/","title":{"rendered":"Celebrity endorsement"},"content":{"rendered":"<p style=\"text-align: justify;\"><strong><em>Celebrity endorsement<\/em><\/strong> &#8211; rozpaczliwa technika promocji produktu, opieraj\u0105ca si\u0119 na z gruntu b\u0142\u0119dnym za\u0142o\u017ceniu, \u017ce je\u015bli uda nam si\u0119 zmusi\u0107 znan\u0105 osob\u0119, by &#8211; pod wp\u0142ywem odpowiedniej zach\u0119ty finansowej &#8211; przemog\u0142a sw\u00f3j wstr\u0119t do naszego produktu i pokaza\u0142a si\u0119 z nim publicznie (w szczeg\u00f3lno\u015bci: w reklamie), to sw\u00f3j wstr\u0119t to naszego produktu przezwyci\u0119\u017c\u0105 r\u00f3wnie\u017c nasi potencjalni klienci. Dlaczego jednak klienci mieliby przezwyci\u0119\u017cy\u0107 wstr\u0119t do produktu, skoro p\u0142acimy za to tylko gwie\u017adzie?<\/p>\n<p style=\"text-align: justify;\"><em>Celebrity endorsement<\/em> spotyka si\u0119 r\u00f3wnie\u017c w wersji odwrotnej, wykorzystuj\u0105cej zasad\u0119 kontrastu. <em>Celebrity endorsement<\/em> w wersji odwrotnej polega na zaanga\u017cowaniu do reklamy osoby, kt\u00f3ra w powszechnym odczuciu jest jeszcze bardziej irytuj\u0105ca ni\u017c promowana marka. Reklamodawca w takim przypadku liczy na to, \u017ce odbiorca reklamy pomy\u015bli: \u201echolera, s\u0105 jednak gorsze rzeczy od tego produktu&#8221;. Przyk\u0142adem odwrotnego <em>celebrity endorsement<\/em> s\u0105 kampanie reklamowe z udzia\u0142em Krzysztofa Ibisza.<\/p>\n<p style=\"text-align: justify;\"><a href=\"https:\/\/www.maltreting.pl\/index.php\/rozpaczliwy-slowniczek-marketingowy\/\">Powr\u00f3t do rozpaczliwej listy hase\u0142<\/a><\/p>\n\n<!-- Facebook Like Button v1.9.6 BEGIN [http:\/\/blog.bottomlessinc.com] -->\n<iframe src=\"http:\/\/www.facebook.com\/plugins\/like.php?href=https%3A%2F%2Fwww.maltreting.pl%2Findex.php%2Frozpaczliwy-slowniczek-marketingowy%2Fcelebrity-endorsement%2F&amp;layout=button_count&amp;show_faces=false&amp;width=450&amp;action=like&amp;colorscheme=light\" scrolling=\"no\" frameborder=\"0\" allowTransparency=\"true\" style=\"border:none; overflow:hidden; width:450px; height: 30px; align: left; margin: 12px 0px 6px 0px\"><\/iframe>\n<!-- Facebook Like Button END -->\n","protected":false},"excerpt":{"rendered":"<p>Celebrity endorsement &#8211; rozpaczliwa technika promocji produktu, opieraj\u0105ca si\u0119 na z gruntu b\u0142\u0119dnym za\u0142o\u017ceniu, \u017ce je\u015bli uda nam si\u0119 zmusi\u0107 znan\u0105 osob\u0119, by &#8211; pod wp\u0142ywem odpowiedniej zach\u0119ty finansowej &#8211; przemog\u0142a sw\u00f3j wstr\u0119t do naszego produktu i pokaza\u0142a si\u0119 z nim publicznie (w szczeg\u00f3lno\u015bci: w reklamie), to sw\u00f3j wstr\u0119t to\u2026<\/p>\n<p> <a class=\"continue-reading-link\" href=\"https:\/\/www.maltreting.pl\/index.php\/rozpaczliwy-slowniczek-marketingowy\/celebrity-endorsement\/\"><span>Czytaj dalej<\/span><i class=\"crycon-right-dir\"><\/i><\/a> <\/p>\n","protected":false},"author":3,"featured_media":0,"parent":946,"menu_order":0,"comment_status":"open","ping_status":"open","template":"","meta":{"sfsi_plus_gutenberg_text_before_share":"","sfsi_plus_gutenberg_show_text_before_share":"","sfsi_plus_gutenberg_icon_type":"","sfsi_plus_gutenberg_icon_alignemt":"","sfsi_plus_gutenburg_max_per_row":""},"_links":{"self":[{"href":"https:\/\/www.maltreting.pl\/index.php\/wp-json\/wp\/v2\/pages\/948"}],"collection":[{"href":"https:\/\/www.maltreting.pl\/index.php\/wp-json\/wp\/v2\/pages"}],"about":[{"href":"https:\/\/www.maltreting.pl\/index.php\/wp-json\/wp\/v2\/types\/page"}],"author":[{"embeddable":true,"href":"https:\/\/www.maltreting.pl\/index.php\/wp-json\/wp\/v2\/users\/3"}],"replies":[{"embeddable":true,"href":"https:\/\/www.maltreting.pl\/index.php\/wp-json\/wp\/v2\/comments?post=948"}],"version-history":[{"count":7,"href":"https:\/\/www.maltreting.pl\/index.php\/wp-json\/wp\/v2\/pages\/948\/revisions"}],"predecessor-version":[{"id":956,"href":"https:\/\/www.maltreting.pl\/index.php\/wp-json\/wp\/v2\/pages\/948\/revisions\/956"}],"up":[{"embeddable":true,"href":"https:\/\/www.maltreting.pl\/index.php\/wp-json\/wp\/v2\/pages\/946"}],"wp:attachment":[{"href":"https:\/\/www.maltreting.pl\/index.php\/wp-json\/wp\/v2\/media?parent=948"}],"curies":[{"name":"wp","href":"https:\/\/api.w.org\/{rel}","templated":true}]}}