{"id":592,"date":"2009-11-03T23:57:42","date_gmt":"2009-11-03T21:57:42","guid":{"rendered":"http:\/\/www.maltreting.pl\/?page_id=592"},"modified":"2012-01-12T01:50:57","modified_gmt":"2012-01-12T00:50:57","slug":"gdzie-mozna-znalezc-maltreting","status":"publish","type":"page","link":"https:\/\/www.maltreting.pl\/index.php\/o-maltretingu\/gdzie-mozna-znalezc-maltreting\/","title":{"rendered":"Gdzie mo\u017cna znale\u017a\u0107 Maltreting?"},"content":{"rendered":"<p style=\"text-align: justify;\">Mam dobre wie\u015bci &#8211; wsz\u0119dzie! No, albo prawie wsz\u0119dzie. Dzi\u0119ki temu nie musisz sprawdza\u0107 codziennie, czy ruszy\u0142em zadek i napisa\u0142em nowy tekst na maltreting.pl! Z pomoc\u0105 zdobyczy nowoczesnej techniki sam Ci o tym powiem!<\/p>\n<p style=\"text-align: justify;\">O nowych wpisach informuj\u0119 na Facebooku, Twitterze, Google+, Blipie i RSS (RSS to kana\u0142, m\u00f3wi\u0119 Wam&#8230;) Opr\u00f3cz tego mam profil na YouTube, gdzie &#8211; jeszcze rzadziej ni\u017c niespe\u0142nione ambicje pisarskie na maltreting.pl &#8211; realizuj\u0119 swoje niespe\u0142nione ambicje filmowe.<\/p>\n<p style=\"text-align: justify;\">Pozwolicie, \u017ce pozachwalam Wam ka\u017cde z tych medi\u00f3w. (Te z obrazkami wcale nie s\u0105 jako\u015b lepsze. Po prostu do reszty nie zorganizowa\u0142em sobie jeszcze ikonek.)<\/p>\n<p style=\"text-align: justify;\"><a href=\"http:\/\/www.facebook.com\/maltreting\" target=\"_blank\"><img decoding=\"async\" loading=\"lazy\" class=\"alignleft\" src=\"https:\/\/www.maltreting.pl\/wp-content\/custom_gfx\/facebook_logo50x50.png\" alt=\"\" width=\"50\" height=\"50\" \/><\/a><br \/><a href=\"http:\/\/www.facebook.com\/maltreting\/\" target=\"_blank\">Facebook<\/a> to cynk o nowych wpisach zaraz po publikacji! Z\u0142ote my\u015bli i okazjonalne fotki gratis! Wystarczy, \u017ce klikniesz &#8222;lubi\u0119 to&#8221;. Tak, tak &#8211; to &#8222;lubi\u0119 to&#8221; tu\u017c poni\u017cej.<\/p>\n<p style=\"text-align: center;\"><iframe src=\"\/\/www.facebook.com\/plugins\/like.php?href=http%3A%2F%2Fwww.facebook.com%2Fmaltreting&amp;send=false&amp;layout=standard&amp;width=350&amp;show_faces=false&amp;action=like&amp;colorscheme=light&amp;font&amp;height=35\" scrolling=\"no\" frameborder=\"0\" style=\"border:none; overflow:hidden; width:350px; height:35px;\" allowTransparency=\"true\"><\/iframe>\u00a0<\/p>\n<p style=\"text-align: justify;\"><a href=\"https:\/\/www.maltreting.pl\/index.php\/feed\/\" target=\"_blank\"><img decoding=\"async\" loading=\"lazy\" class=\"alignleft\" style=\"border-spacing: 0px; border: 0px background-color:#ffffff\" title=\"RSS\" src=\"https:\/\/www.maltreting.pl\/wp-content\/custom_gfx\/rss_logo50x50.png\" alt=\"\" width=\"50\" height=\"50\" \/><\/a><a href=\"https:\/\/www.maltreting.pl\/index.php\/feed\/\" target=\"_blank\"><br \/>Subskrypcja RSS<\/a> &#8211; brzmi jak mokry sen informatyka, ale to proste! Twoja przegl\u0105darka sama Ci powie, kiedy na maltreting.pl pojawi si\u0119 nowy wpis. Wystarczy, \u017ce klikniesz <a href=\"https:\/\/www.maltreting.pl\/index.php\/feed\/\" target=\"_blank\">RSS<\/a>, a potem &#8222;subskrybuj&#8221;. Lub co\u015b w tym stylu.<\/p>\n<p style=\"text-align: justify;\">\u00a0<\/p>\n<p><a href=\"http:\/\/www.twitter.com\/maltreting\" target=\"_blank\">Twitter <\/a>&#8211; Twitter jest \u015bwietny. W trzy sekundy po rejestracji ustawi\u0142em sobie profil na Twitterze tak, \u017ceby wy\u015bwietla\u0142 si\u0119 w kolorze r\u00f3\u017cowym. Czy\u017c mo\u017ce by\u0107 lepsza rekomendacja, \u017ceby tam zajrze\u0107?<\/p>\n<p>\u00a0<\/p>\n<p><a href=\"https:\/\/plus.google.com\/106600611954769822636\/?prsrc=3\" target=\"_blank\">Google+<\/a> to taka Google&#8217;owa odpowied\u017a na FB. Opr\u00f3cz mnie prawie nikt z niego nie korzysta, ale musz\u0119 mie\u0107 jak\u0105\u015b przeciwwag\u0119 dla tyranizuj\u0105cego okolic\u0119 Facebooka.<\/p>\n<p>\u00a0<\/p>\n<p style=\"text-align: justify;\"><a href=\"http:\/\/blip.pl\/users\/maltreting\/dashboard\" target=\"_blank\">Blip<\/a>&#8230; poczekaj, nie wiesz, co to jest Blip? W zasadzie jakby si\u0119 nad tym zastanowi\u0107, to ja te\u017c nie wiem. I nie wiem, co ja tam robi\u0119. Wiem za to dlaczego. Z przyzwyczajenia.<\/p>\n<p style=\"text-align: justify;\">\u00a0<\/p>\n<p style=\"text-align: justify;\"><a href=\"http:\/\/www.youtube.com\/user\/maltreting\" target=\"_blank\">YouTube<\/a>, czyli moje zbrojne wideorami\u0119. A samo YouTube jako takie to krok wstecz w rozwoju internetu. Internet mia\u0142 zast\u0105pi\u0107 telewizj\u0119 &#8211; teraz dzi\u0119ki YouTube&#8217;owi znowu <em>staje si\u0119<\/em> telewizj\u0105. Zobaczycie, nast\u0119pnym genialnym wynalazkiem Internetu b\u0119dzie pilot do YouTube&#8217;a.<\/p>\n\n<!-- Facebook Like Button v1.9.6 BEGIN [http:\/\/blog.bottomlessinc.com] -->\n<iframe src=\"http:\/\/www.facebook.com\/plugins\/like.php?href=https%3A%2F%2Fwww.maltreting.pl%2Findex.php%2Fo-maltretingu%2Fgdzie-mozna-znalezc-maltreting%2F&amp;layout=button_count&amp;show_faces=false&amp;width=450&amp;action=like&amp;colorscheme=light\" scrolling=\"no\" frameborder=\"0\" allowTransparency=\"true\" style=\"border:none; overflow:hidden; width:450px; height: 30px; align: left; margin: 12px 0px 6px 0px\"><\/iframe>\n<!-- Facebook Like Button END -->\n","protected":false},"excerpt":{"rendered":"<p>Mam dobre wie\u015bci &#8211; wsz\u0119dzie! No, albo prawie wsz\u0119dzie. Dzi\u0119ki temu nie musisz sprawdza\u0107 codziennie, czy ruszy\u0142em zadek i napisa\u0142em nowy tekst na maltreting.pl! Z pomoc\u0105 zdobyczy nowoczesnej techniki sam Ci o tym powiem! O nowych wpisach informuj\u0119 na Facebooku, Twitterze, Google+, Blipie i RSS (RSS to kana\u0142, m\u00f3wi\u0119 Wam&#8230;)\u2026<\/p>\n<p> <a class=\"continue-reading-link\" href=\"https:\/\/www.maltreting.pl\/index.php\/o-maltretingu\/gdzie-mozna-znalezc-maltreting\/\"><span>Czytaj dalej<\/span><i class=\"crycon-right-dir\"><\/i><\/a> <\/p>\n","protected":false},"author":3,"featured_media":0,"parent":2526,"menu_order":13,"comment_status":"open","ping_status":"open","template":"","meta":{"sfsi_plus_gutenberg_text_before_share":"","sfsi_plus_gutenberg_show_text_before_share":"","sfsi_plus_gutenberg_icon_type":"","sfsi_plus_gutenberg_icon_alignemt":"","sfsi_plus_gutenburg_max_per_row":""},"_links":{"self":[{"href":"https:\/\/www.maltreting.pl\/index.php\/wp-json\/wp\/v2\/pages\/592"}],"collection":[{"href":"https:\/\/www.maltreting.pl\/index.php\/wp-json\/wp\/v2\/pages"}],"about":[{"href":"https:\/\/www.maltreting.pl\/index.php\/wp-json\/wp\/v2\/types\/page"}],"author":[{"embeddable":true,"href":"https:\/\/www.maltreting.pl\/index.php\/wp-json\/wp\/v2\/users\/3"}],"replies":[{"embeddable":true,"href":"https:\/\/www.maltreting.pl\/index.php\/wp-json\/wp\/v2\/comments?post=592"}],"version-history":[{"count":49,"href":"https:\/\/www.maltreting.pl\/index.php\/wp-json\/wp\/v2\/pages\/592\/revisions"}],"predecessor-version":[{"id":715,"href":"https:\/\/www.maltreting.pl\/index.php\/wp-json\/wp\/v2\/pages\/592\/revisions\/715"}],"up":[{"embeddable":true,"href":"https:\/\/www.maltreting.pl\/index.php\/wp-json\/wp\/v2\/pages\/2526"}],"wp:attachment":[{"href":"https:\/\/www.maltreting.pl\/index.php\/wp-json\/wp\/v2\/media?parent=592"}],"curies":[{"name":"wp","href":"https:\/\/api.w.org\/{rel}","templated":true}]}}