{"id":4999,"date":"2018-05-15T12:51:35","date_gmt":"2018-05-15T10:51:35","guid":{"rendered":"http:\/\/www.maltreting.pl\/?page_id=4999"},"modified":"2018-05-16T09:44:09","modified_gmt":"2018-05-16T07:44:09","slug":"oprocz-maltretingu-kryzys-wieku-sredniego-spotyka-szkolna-kapele","status":"publish","type":"page","link":"https:\/\/www.maltreting.pl\/index.php\/oprocz-maltretingu-kryzys-wieku-sredniego-spotyka-szkolna-kapele\/","title":{"rendered":"Opr\u00f3cz Maltretingu: kryzys wieku \u015bredniego spotyka szkoln\u0105 kapel\u0119"},"content":{"rendered":"<p><img decoding=\"async\" loading=\"lazy\" class=\"aligncenter size-large wp-image-5004\" src=\"https:\/\/www.maltreting.pl\/wp-content\/uploads\/2018\/05\/band-back-together-1024x576.jpg\" alt=\"We're putting the band back together\" width=\"850\" height=\"478\" srcset=\"https:\/\/www.maltreting.pl\/wp-content\/uploads\/2018\/05\/band-back-together-1024x576.jpg 1024w, https:\/\/www.maltreting.pl\/wp-content\/uploads\/2018\/05\/band-back-together-300x169.jpg 300w, https:\/\/www.maltreting.pl\/wp-content\/uploads\/2018\/05\/band-back-together-768x432.jpg 768w, https:\/\/www.maltreting.pl\/wp-content\/uploads\/2018\/05\/band-back-together-622x350.jpg 622w, https:\/\/www.maltreting.pl\/wp-content\/uploads\/2018\/05\/band-back-together-150x84.jpg 150w, https:\/\/www.maltreting.pl\/wp-content\/uploads\/2018\/05\/band-back-together.jpg 1280w\" sizes=\"(max-width: 850px) 100vw, 850px\" \/><\/p>\n<p style=\"text-align: justify;\"><i>Zacz\u0119\u0142o si\u0119 od imprezy u kumpla, na kt\u00f3rej spotka\u0142em si\u0119 z Maciasem, perkusist\u0105 ze szkolnej kapeli. O tym, \u017ce si\u0119 spotkamy, wiedzia\u0142em ju\u017c wcze\u015bniej, wi\u0119c profilaktycznie wzi\u0105\u0142em ze sob\u0105 gitar\u0119. Akustyczn\u0105, \u017ceby nie trzeba by\u0142o \u0142adowarki bra\u0107.<\/i><\/p>\n<p><!--more--><\/p>\n<p style=\"text-align: justify;\">Macias co prawda nie wzi\u0105\u0142 ze sob\u0105 perkusji, ale podw\u0119dzi\u0142 Sponsorowi (gospodarzowi) drewniane \u0142y\u017cki, kt\u00f3rymi wyt\u0142ukiwa\u0142 rytm na udach.<\/p>\n<p style=\"text-align: justify;\">I mimo \u017ce ca\u0142e to mini-reunion mia\u0142o miejsce dopiero wtedy, kiedy dzi\u0119ki up\u0142ywowi czasu, hojno\u015bci Sponsora i w\u0142asnej aprowizacyjnej zapobiegliwo\u015bci zd\u0105\u017cyli\u015bmy ju\u017c doprowadzi\u0107 si\u0119 do stanu instrumentalnej nonszalancji, w zwi\u0105zku z czym warto\u015b\u0107 muzyczna sesji by\u0142a raczej znikoma, to jego reperkusje okaza\u0142y si\u0119 znacz\u0105ce. Macias obudzi\u0142 si\u0119 rano z sinikami na udach od \u0142y\u017ceczkowania (to w\u0142a\u015bciwe s\u0142owo, prawda?), a ja z dr\u0119cz\u0105c\u0105 my\u015bl\u0105, \u017ce trzeba by\u0142oby to powt\u00f3rzy\u0107. W nieco szerszym sk\u0142adzie.<\/p>\n<p style=\"text-align: justify;\">Zacz\u0105\u0142em wi\u0119c knu\u0107 i planowa\u0107, ale teraz nie wnikajmy w szczeg\u00f3\u0142y, tylko przewi\u0144my ten film nieco do przodu. Kilka miesi\u0119cy p\u00f3\u017aniej mamy ju\u017c za sob\u0105 nie tylko par\u0119 pr\u00f3b w pe\u0142nym, oryginalnym sk\u0142adzie, ale i, cokolwiek niespodziewanie, troch\u0119 nagra\u0144. Nagra\u0144, kt\u00f3re w zamy\u015ble powsta\u0142y w mobilnym GarageBand w zasadzie tylko po to, \u017ceby ka\u017cdy z nas m\u00f3g\u0142 przypomnie\u0107 sobie swoje partie.<\/p>\n<p style=\"text-align: justify;\">W ko\u0144cu, b\u0119d\u0105c rozrzuconymi mi\u0119dzy Toruniem, Golubiem-Dobrzyniem, Poznaniem, Warszaw\u0105 i Londynem, trudno oczekiwa\u0107, \u017ce b\u0119dziemy gra\u0107 pr\u00f3by raz na tydzie\u0144.<\/p>\n<p style=\"text-align: justify;\">Okaza\u0142o si\u0119 jednak, \u017ce przygotowane cha\u0142upniczo-partyzanckimi metodami nagrania maj\u0105 na tyle przyzwoite brzmienie, \u017ceby YouTube jako\u015b je zni\u00f3s\u0142.<\/p>\n<p style=\"text-align: justify;\">Zreszt\u0105 um\u00f3wmy si\u0119: YouTube znosi\u0142 ju\u017c du\u017co wi\u0119cej.<\/p>\n<p style=\"text-align: justify;\">W ka\u017cdym razie do metod nagrywania kiedy\u015b jeszcze wr\u00f3c\u0119, na przyk\u0142ad na <a href=\"https:\/\/www.facebook.com\/Kapela-Nie-Znana-Kiedy%C5%9B-Jako-Muppets-589604984743106\/\">fan page\u2019u kapeli<\/a>. Podobnie jak do pe\u0142nej dziejowych zakr\u0119t\u00f3w pe\u0142nej historii naszego reunion. Tymczasem przejd\u017amy mo\u017ce do samej tw\u00f3rczo\u015bci, bo w ko\u0144cu po to tu jeste\u015bmy. Bo po to w\u0142a\u015bnie, prawda?<\/p>\n<h2><b>Rockin\u2019 In The Free World<\/b><\/h2>\n<p style=\"text-align: justify;\">Mo\u017ce tego nie wida\u0107, ale to wideo kosztowa\u0142o mnie kup\u0119 roboty (doce\u0144cie po\u015bwi\u0119cenie dla sztuki!) \u2013 g\u0142\u00f3wnie zapewne dlatego, \u017ce jestem kompletnym amatorem, je\u015bli chodzi o monta\u017c, a w dodatku nie dysponuj\u0119 specjalnie wyrafinowanymi narz\u0119dziami. Ca\u0142o\u015b\u0107 powsta\u0142a w oparciu o darmowe \u00a0i obecnie solidnie ju\u017c leciwy programy do\u0142\u0105czone do ponad 6-letniego laptopa (PowerDirector, monta\u017c) i\u00a0 tabletu graficznego (Photoshop Essentials, fotoszop). Szczeg\u00f3lnie monta\u017c by\u0142 drog\u0105 przez m\u0119k\u0119, ale przebrn\u0105\u0142em.<\/p>\n<p style=\"text-align: justify;\">A muzyka? Chyba nie splugawili\u015bmy tego kawa\u0142ka \u2013 kt\u00f3ry sam w sobie jest tak dobry, \u017ce b\u0119dzie si\u0119 broni\u0142 nawet wtedy, gdy dorw\u0105 si\u0119 do niego rze\u017anicy. A nieskromnie uwa\u017cam, \u017ce poziom rze\u017anik\u00f3w mamy ju\u017c za sob\u0105. Chocia\u017c na przyk\u0142ad z ch\u00f3rkami byli\u015bmy na tyle blisko, \u017ce kieruj\u0105c si\u0119 wy\u0142\u0105cznie wzgl\u0119dami, ekhm, artystycznymi, powinni\u015bmy je wywali\u0107.<\/p>\n<p style=\"text-align: justify;\">No ale nagrali\u015bmy je, wi\u0119c postanowi\u0142em ratowa\u0107, co si\u0119 da\u0142o.<\/p>\n<p style=\"text-align: justify;\">Splugawili\u015bmy za to z pewno\u015bci\u0105 inny kawa\u0142ek \u2013 \u017ceby si\u0119 o tym przekona\u0107, wystarczy dotrwa\u0107 do sol\u00f3wki.<\/p>\n<p style=\"text-align: justify;\">Ale w ostatecznym rozrachunku, musz\u0119 przyzna\u0107, \u017ce z efektu ko\u0144cowego jestem co najmniej zadowolony.<\/p>\n<p><iframe loading=\"lazy\" src=\"https:\/\/www.youtube.com\/embed\/iNiKg0edEj0\" width=\"850\" height=\"478\" frameborder=\"0\" allowfullscreen=\"allowfullscreen\"><\/iframe><\/p>\n<h2><b>P\u0142azy s\u0105 g\u0142upie, \u017cabciu<\/b><\/h2>\n<p style=\"text-align: justify;\">Nasze pierwsze wideo i jedna z dw\u00f3ch piosenek, jakie zachowa\u0142y si\u0119 w\u0142a\u015bciwie w ca\u0142o\u015bci i niezmienione z czas\u00f3w szko\u0142y. To znaczy tak si\u0119 nam wydaje, bo mo\u017cemy polega\u0107 jedynie na naszej pami\u0119ci \u2013 z jakiego\u015b nieodgadnionego powodu, archiwa o nas milcz\u0105&#8230;<\/p>\n<p style=\"text-align: justify;\">W ka\u017cdym razie, po dwudziestu paru latach od napisania, \u201eP\u0142azy\u201d wci\u0105\u017c zadziwiaj\u0105 wyrafinowanym, awangardowym tekstem i zachwycaj\u0105 prostot\u0105 kompozycji.<\/p>\n<p><iframe loading=\"lazy\" src=\"https:\/\/www.youtube.com\/embed\/IgE9P1I6Utw\" width=\"850\" height=\"478\" frameborder=\"0\" allowfullscreen=\"allowfullscreen\"><\/iframe><\/p>\n<p style=\"text-align: center;\">***<\/p>\n<p style=\"text-align: justify;\">Podoba\u0142o si\u0119? To jako \u017ce zamierzamy zosta\u0107 gwiazdami YouTube&#8217;a, zagadam swojsko: dajcie suba!<\/p>\n<p><script src=\"https:\/\/apis.google.com\/js\/platform.js\"><\/script><\/p>\n<div class=\"g-ytsubscribe\" data-channelid=\"UC7kVuxu9uPs9wQyTQStcx4g\" data-layout=\"full\" data-count=\"default\"><\/div>\n<p style=\"text-align: justify;\"><span style=\"color: #000000;\">Senkju.<\/span><\/p>\n\n<!-- Facebook Like Button v1.9.6 BEGIN [http:\/\/blog.bottomlessinc.com] -->\n<iframe src=\"http:\/\/www.facebook.com\/plugins\/like.php?href=https%3A%2F%2Fwww.maltreting.pl%2Findex.php%2Foprocz-maltretingu-kryzys-wieku-sredniego-spotyka-szkolna-kapele%2F&amp;layout=button_count&amp;show_faces=false&amp;width=450&amp;action=like&amp;colorscheme=light\" scrolling=\"no\" frameborder=\"0\" allowTransparency=\"true\" style=\"border:none; overflow:hidden; width:450px; height: 30px; align: left; margin: 12px 0px 6px 0px\"><\/iframe>\n<!-- Facebook Like Button END -->\n","protected":false},"excerpt":{"rendered":"<p>Zacz\u0119\u0142o si\u0119 od imprezy u kumpla, na kt\u00f3rej spotka\u0142em si\u0119 z Maciasem, perkusist\u0105 ze szkolnej kapeli. O tym, \u017ce si\u0119 spotkamy, wiedzia\u0142em ju\u017c wcze\u015bniej, wi\u0119c profilaktycznie wzi\u0105\u0142em ze sob\u0105 gitar\u0119. Akustyczn\u0105, \u017ceby nie trzeba by\u0142o \u0142adowarki bra\u0107.<\/p>\n<p> <a class=\"continue-reading-link\" href=\"https:\/\/www.maltreting.pl\/index.php\/oprocz-maltretingu-kryzys-wieku-sredniego-spotyka-szkolna-kapele\/\"><span>Czytaj dalej<\/span><i class=\"crycon-right-dir\"><\/i><\/a> <\/p>\n","protected":false},"author":3,"featured_media":5004,"parent":0,"menu_order":0,"comment_status":"open","ping_status":"closed","template":"","meta":{"sfsi_plus_gutenberg_text_before_share":"","sfsi_plus_gutenberg_show_text_before_share":"","sfsi_plus_gutenberg_icon_type":"","sfsi_plus_gutenberg_icon_alignemt":"","sfsi_plus_gutenburg_max_per_row":""},"_links":{"self":[{"href":"https:\/\/www.maltreting.pl\/index.php\/wp-json\/wp\/v2\/pages\/4999"}],"collection":[{"href":"https:\/\/www.maltreting.pl\/index.php\/wp-json\/wp\/v2\/pages"}],"about":[{"href":"https:\/\/www.maltreting.pl\/index.php\/wp-json\/wp\/v2\/types\/page"}],"author":[{"embeddable":true,"href":"https:\/\/www.maltreting.pl\/index.php\/wp-json\/wp\/v2\/users\/3"}],"replies":[{"embeddable":true,"href":"https:\/\/www.maltreting.pl\/index.php\/wp-json\/wp\/v2\/comments?post=4999"}],"version-history":[{"count":8,"href":"https:\/\/www.maltreting.pl\/index.php\/wp-json\/wp\/v2\/pages\/4999\/revisions"}],"predecessor-version":[{"id":5009,"href":"https:\/\/www.maltreting.pl\/index.php\/wp-json\/wp\/v2\/pages\/4999\/revisions\/5009"}],"wp:featuredmedia":[{"embeddable":true,"href":"https:\/\/www.maltreting.pl\/index.php\/wp-json\/wp\/v2\/media\/5004"}],"wp:attachment":[{"href":"https:\/\/www.maltreting.pl\/index.php\/wp-json\/wp\/v2\/media?parent=4999"}],"curies":[{"name":"wp","href":"https:\/\/api.w.org\/{rel}","templated":true}]}}