{"id":4803,"date":"2017-07-10T03:03:17","date_gmt":"2017-07-10T01:03:17","guid":{"rendered":"http:\/\/www.maltreting.pl\/?page_id=4803"},"modified":"2017-07-11T22:10:07","modified_gmt":"2017-07-11T20:10:07","slug":"golden-circle-wedlug-live-nation-zawiadomienie-do-uokik","status":"publish","type":"page","link":"https:\/\/www.maltreting.pl\/index.php\/zlomowisko\/golden-circle-wedlug-live-nation-zawiadomienie-do-uokik\/","title":{"rendered":"Golden Circle wed\u0142ug Live Nation &#8211; zawiadomienie do UOKiK"},"content":{"rendered":"<p>Tu znajdziesz tekst <strong>pisma do Urz\u0119du Ochrony Konkurencji i Konsument\u00f3w<\/strong>, z zawiadomieniem dotycz\u0105cym dzia\u0142a\u0144 Live Nation i Ticketmaster w zwi\u0105zku z organizacj\u0105 koncertu Guns N&#8217;Roses w Gda\u0144sku, w szczeg\u00f3lno\u015bci &#8211; wprowadzaj\u0105cej w b\u0142\u0105d mapki obiektu oraz nieadekwatnej, r\u00f3wnie\u017c wprowadzaj\u0105cej w b\u0142\u0105d nazwy sektora pod scen\u0105.<\/p>\n<p>Kolorami zaznaczy\u0142em fragmenty, w kt\u00f3rych tekst nale\u017cy dostosowa\u0107 (uzupe\u0142ni\u0107 lub pozostawi\u0107 \/ wykre\u015bli\u0107 odpowiedni wariant) do w\u0142asnych potrzeb \/ w\u0142asnej sytuacji.<\/p>\n<ul>\n<li><a href=\"https:\/\/www.maltreting.pl\/wp-content\/gnr\/gnr-uokik.docx\">Plik do pobrania, wydruku i wys\u0142ania poczt\u0105<\/a><\/li>\n<\/ul>\n<p>Mo\u017cesz wykorzysta\u0107 materia\u0142y zwi\u0105zane ze spraw\u0105 koncertu wedle swoich potrzeb (mo\u017cesz je tak\u017ce zmodyfikowa\u0107 na w\u0142asny u\u017cytek), mam jednak pro\u015bb\u0119 &#8211; je\u015bli wykorzystasz je, daj mi prosz\u0119 zna\u0107 mailem (petrol @ maltreting.pl), zostawiaj\u0105c komentarz na blogu (tutaj lub pod <a href=\"https:\/\/www.maltreting.pl\/index.php\/2017\/07\/golden-circle-wedlug-live-nation-czyli-ja-nic-nie-sugeruje\/\">tekstem o koncercie<\/a>) lub przez <a href=\"https:\/\/www.facebook.com\/maltreting\" target=\"_blank\" rel=\"noopener\">prywatn\u0105 wiadomo\u015b\u0107 na Facebooku<\/a>. Dzi\u0119ki temu b\u0119d\u0119 wiedzia\u0142, ilu osobom te materia\u0142y faktycznie si\u0119 przyda\u0142y.<\/p>\n<p><strong>Wa\u017cne:<\/strong> wysy\u0142aj\u0105c list, wysy\u0142asz go w swoim imieniu. Nie mog\u0119 ponosi\u0107 odpowiedzialno\u015bci za skutki &#8211; w tym w szczeg\u00f3lno\u015bci za ich brak &#8211; wys\u0142ania go przez Ciebie. Udost\u0119pniaj\u0105c tre\u015b\u0107 listu, nie \u015bwiadcz\u0119 r\u00f3wnie\u017c pomocy prawnej.<\/p>\n\n<!-- Facebook Like Button v1.9.6 BEGIN [http:\/\/blog.bottomlessinc.com] -->\n<iframe src=\"http:\/\/www.facebook.com\/plugins\/like.php?href=https%3A%2F%2Fwww.maltreting.pl%2Findex.php%2Fzlomowisko%2Fgolden-circle-wedlug-live-nation-zawiadomienie-do-uokik%2F&amp;layout=button_count&amp;show_faces=false&amp;width=450&amp;action=like&amp;colorscheme=light\" scrolling=\"no\" frameborder=\"0\" allowTransparency=\"true\" style=\"border:none; overflow:hidden; width:450px; height: 30px; align: left; margin: 12px 0px 6px 0px\"><\/iframe>\n<!-- Facebook Like Button END -->\n","protected":false},"excerpt":{"rendered":"<p>Tu znajdziesz tekst pisma do Urz\u0119du Ochrony Konkurencji i Konsument\u00f3w, z zawiadomieniem dotycz\u0105cym dzia\u0142a\u0144 Live Nation i Ticketmaster w zwi\u0105zku z organizacj\u0105 koncertu Guns N&#8217;Roses w Gda\u0144sku, w szczeg\u00f3lno\u015bci &#8211; wprowadzaj\u0105cej w b\u0142\u0105d mapki obiektu oraz nieadekwatnej, r\u00f3wnie\u017c wprowadzaj\u0105cej w b\u0142\u0105d nazwy sektora pod scen\u0105. Kolorami zaznaczy\u0142em fragmenty, w kt\u00f3rych\u2026<\/p>\n<p> <a class=\"continue-reading-link\" href=\"https:\/\/www.maltreting.pl\/index.php\/zlomowisko\/golden-circle-wedlug-live-nation-zawiadomienie-do-uokik\/\"><span>Czytaj dalej<\/span><i class=\"crycon-right-dir\"><\/i><\/a> <\/p>\n","protected":false},"author":3,"featured_media":0,"parent":1956,"menu_order":0,"comment_status":"open","ping_status":"closed","template":"","meta":{"sfsi_plus_gutenberg_text_before_share":"","sfsi_plus_gutenberg_show_text_before_share":"","sfsi_plus_gutenberg_icon_type":"","sfsi_plus_gutenberg_icon_alignemt":"","sfsi_plus_gutenburg_max_per_row":""},"_links":{"self":[{"href":"https:\/\/www.maltreting.pl\/index.php\/wp-json\/wp\/v2\/pages\/4803"}],"collection":[{"href":"https:\/\/www.maltreting.pl\/index.php\/wp-json\/wp\/v2\/pages"}],"about":[{"href":"https:\/\/www.maltreting.pl\/index.php\/wp-json\/wp\/v2\/types\/page"}],"author":[{"embeddable":true,"href":"https:\/\/www.maltreting.pl\/index.php\/wp-json\/wp\/v2\/users\/3"}],"replies":[{"embeddable":true,"href":"https:\/\/www.maltreting.pl\/index.php\/wp-json\/wp\/v2\/comments?post=4803"}],"version-history":[{"count":4,"href":"https:\/\/www.maltreting.pl\/index.php\/wp-json\/wp\/v2\/pages\/4803\/revisions"}],"predecessor-version":[{"id":4832,"href":"https:\/\/www.maltreting.pl\/index.php\/wp-json\/wp\/v2\/pages\/4803\/revisions\/4832"}],"up":[{"embeddable":true,"href":"https:\/\/www.maltreting.pl\/index.php\/wp-json\/wp\/v2\/pages\/1956"}],"wp:attachment":[{"href":"https:\/\/www.maltreting.pl\/index.php\/wp-json\/wp\/v2\/media?parent=4803"}],"curies":[{"name":"wp","href":"https:\/\/api.w.org\/{rel}","templated":true}]}}