{"id":4792,"date":"2017-07-09T22:56:57","date_gmt":"2017-07-09T20:56:57","guid":{"rendered":"http:\/\/www.maltreting.pl\/?page_id=4792"},"modified":"2017-08-24T20:23:53","modified_gmt":"2017-08-24T18:23:53","slug":"golden-circle-wedlug-live-nation-reklamacja","status":"publish","type":"page","link":"https:\/\/www.maltreting.pl\/index.php\/zlomowisko\/golden-circle-wedlug-live-nation-reklamacja\/","title":{"rendered":"Golden Circle wed\u0142ug Live Nation &#8211; reklamacja"},"content":{"rendered":"<p>Tu znajdziesz tekst <strong>reklamacji skierowanej do Ticketmaster\u00a0<\/strong>(sp\u00f3\u0142ki nale\u017c\u0105cej do Live Nation Enterntainment) dotycz\u0105cej rozmiar\u00f3w Golden Circle na koncercie Guns N&#8217;Roses w Gda\u0144sku.<\/p>\n<p>Kolorami zaznaczy\u0142em fragmenty, w kt\u00f3rych tekst nale\u017cy dostosowa\u0107 (uzupe\u0142ni\u0107 lub pozostawi\u0107 \/ wykre\u015bli\u0107 odpowiedni wariant) do w\u0142asnych potrzeb \/ w\u0142asnej sytuacji.<\/p>\n<ul>\n<li>Plik do pobrania, wydruku i wys\u0142ania poczt\u0105: <a href=\"https:\/\/www.maltreting.pl\/wp-content\/gnr\/gnr-reklamacja.docx\">wersja ze zdj\u0119ciami<\/a><\/li>\n<li>Plik do pobrania, wydruku i wys\u0142ania poczt\u0105: <a href=\"https:\/\/www.maltreting.pl\/wp-content\/gnr\/gnr-reklamacja-uproszczony-zalacznik.docx\">wersja z linkami do zdj\u0119\u0107<\/a> (dla posiadaczy drukarek, na kt\u00f3rych czytelno\u015b\u0107 zdj\u0119\u0107 mo\u017ce by\u0107 ograniczona, np. drukarek czarno-bia\u0142ych lub kiepskich)<\/li>\n<li>Poni\u017cej: ten sam tekst, w wersji do skopiowania i wys\u0142ania mailem (zamiast kolor\u00f3w &#8211; podkre\u015blenia)<\/li>\n<\/ul>\n<p>Mo\u017cesz wykorzysta\u0107 powy\u017csze materia\u0142y wedle swoich potrzeb (mo\u017cesz je tak\u017ce zmodyfikowa\u0107 na w\u0142asny u\u017cytek), mam jednak pro\u015bb\u0119 &#8211; je\u015bli wykorzystasz je, daj mi prosz\u0119 zna\u0107 mailem (petrol @ maltreting.pl), zostawiaj\u0105c komentarz na blogu (tutaj lub pod <a href=\"https:\/\/www.maltreting.pl\/index.php\/2017\/07\/golden-circle-wedlug-live-nation-czyli-ja-nic-nie-sugeruje\/\">tekstem o koncercie<\/a>) lub przez <a href=\"https:\/\/www.facebook.com\/maltreting\" target=\"_blank\" rel=\"noopener\">prywatn\u0105 wiadomo\u015b\u0107 na Facebooku<\/a>. Dzi\u0119ki temu b\u0119d\u0119 wiedzia\u0142, ilu osobom te materia\u0142y faktycznie si\u0119 przyda\u0142y.<\/p>\n<p><strong>Wa\u017cne:<\/strong> wysy\u0142aj\u0105c list, wysy\u0142asz go w swoim imieniu. Nie mog\u0119 ponosi\u0107 odpowiedzialno\u015bci za skutki &#8211; w tym w szczeg\u00f3lno\u015bci za ich brak &#8211; wys\u0142ania go przez Ciebie. Udost\u0119pniaj\u0105c tre\u015b\u0107 listu, nie \u015bwiadcz\u0119 r\u00f3wnie\u017c pomocy prawnej.<\/p>\n<hr \/>\n<p><span style=\"color: #ff0000;\"><em>imi\u0119 i nazwisko<br \/>\nulica, numer domu<br \/>\nkod pocztowy, miasto<\/em><\/span><\/p>\n<p style=\"text-align: right;\"><em><span style=\"color: #ff0000;\">[miasto]<\/span>, dnia <span style=\"color: #ff0000;\">[data]<\/span><\/em><\/p>\n<p><em>\u00a0<\/em><\/p>\n<p style=\"text-align: right;\"><span style=\"color: #000000;\"><strong>Ticketmaster Poland Sp. z o.o. <\/strong><\/span><br \/>\n<span style=\"color: #000000;\"> ul. Bukowi\u0144ska 22b<\/span><br \/>\n<span style=\"color: #000000;\"> 02-703 Warszawa<\/span><\/p>\n<p><em>\u00a0<\/em><\/p>\n<p style=\"text-align: center;\"><strong>Reklamacja z wezwaniem do zap\u0142aty<\/strong><\/p>\n<p><strong><em>dotyczy: numer zam\u00f3wienia: <span style=\"color: #ff0000;\">&#8230;<\/span>, <span style=\"color: #ff0000;\">numer biletu<\/span>\/<span style=\"color: #99cc00;\">numery bilet\u00f3w &#8230;<\/span><\/em><\/strong><\/p>\n<p>&nbsp;<\/p>\n<p>Szanowni Pa\u0144stwo,<\/p>\n<p>Jako uczestnik zorganizowanego przez Live Nation sp. z o.o. koncertu zespo\u0142u Guns N\u2019Roses, kt\u00f3ry odby\u0142 si\u0119 20.06.2017 roku w Gda\u0144sku, reklamuj\u0119 spos\u00f3b wywi\u0105zania si\u0119 przez Pa\u0144stwa ze swoich obowi\u0105zk\u00f3w wobec mnie jako posiadacza biletu\/bilet\u00f3w do strefy Golden Circle na wspomnianym koncercie.<\/p>\n<p>Wobec powy\u017cszego wzywam do zap\u0142aty kwoty <span style=\"color: #ff0000;\">&#8230;<\/span> z\u0142, w nieprzekraczalnym terminie do dnia 30 lipca 2017 r., na nale\u017c\u0105cy do mnie rachunek bankowy o numerze <span style=\"color: #ff0000;\">&#8230;<\/span>.<\/p>\n<p style=\"text-align: center;\"><strong>Uzasadnienie<\/strong><\/p>\n<p>Strefa Golden Circle, zgodnie z nazw\u0105 i utartym zwyczajem, jest wydzielonym sektorem bezpo\u015brednio pod scen\u0105 (lub ewentualnie oddzielon\u0105 od niej sektorem Golden Circle Early Entrance, jednak takiego sektora nie przewidywano jako odr\u0119bnego w przypadku omawianego koncertu), umo\u017cliwiaj\u0105cym wzgl\u0119dnie bliski kontakt z artystami relatywnie niewielkiej grupie widz\u00f3w, poprzez obserwacj\u0119 bezpo\u015brednio artyst\u00f3w na scenie, nie \u2013 na telebimach.<\/p>\n<p>Taki charakter sektora jest sp\u00f3jny z jego nazw\u0105 \u2013 Golden Circle, sugeruj\u0105cej, poprzez u\u017cycie s\u0142owa \u201egolden\u201d (ang. \u2013 z\u0142oty) ekskluzywny charakter strefy.<\/p>\n<p>Z tak zdefiniowanym charakterem korespondowa\u0142a i potwierdza\u0142a go oficjalna mapa, kt\u00f3r\u0105 za\u0142\u0105czam poni\u017cej:<\/p>\n<p><img decoding=\"async\" loading=\"lazy\" class=\"aligncenter size-full wp-image-4813\" src=\"https:\/\/www.maltreting.pl\/wp-content\/uploads\/2017\/07\/ResizedImage600803-Guns-N-Roses-bilety.jpg\" alt=\"\" width=\"600\" height=\"803\" srcset=\"https:\/\/www.maltreting.pl\/wp-content\/uploads\/2017\/07\/ResizedImage600803-Guns-N-Roses-bilety.jpg 600w, https:\/\/www.maltreting.pl\/wp-content\/uploads\/2017\/07\/ResizedImage600803-Guns-N-Roses-bilety-224x300.jpg 224w, https:\/\/www.maltreting.pl\/wp-content\/uploads\/2017\/07\/ResizedImage600803-Guns-N-Roses-bilety-262x350.jpg 262w, https:\/\/www.maltreting.pl\/wp-content\/uploads\/2017\/07\/ResizedImage600803-Guns-N-Roses-bilety-112x150.jpg 112w\" sizes=\"(max-width: 600px) 100vw, 600px\" \/><\/p>\n<p><em>\u0179r\u00f3d\u0142o: <\/em><a href=\"http:\/\/www.stadionenerga.pl\/assets\/Uploads\/_resampled\/ResizedImage600803-Guns-N-Roses-bilety.jpg\"><em>http:\/\/www.stadionenerga.pl\/assets\/Uploads\/_resampled\/ResizedImage600803-Guns-N-Roses-bilety.jpg<\/em><\/a><br \/>\n<em>\u00a0data pobrania pliku z grafik\u0105: 22.06.2017<\/em><\/p>\n<p>Nawet pobie\u017cny rzut oka wskazuje, \u017ce strefa Golden Circle jest w istotny spos\u00f3b mniejsza od pozosta\u0142ej cz\u0119\u015bci tzw. p\u0142yty, czyli sektora GA (General Admission).<\/p>\n<p>Tymczasem ku mojemu zaskoczeniu, sytuacja w obiekcie, w kt\u00f3rym odbywa\u0142 si\u0119 koncert, by\u0142a diametralnie odmienna: sektor GC okaza\u0142 si\u0119 de facto du\u017co wi\u0119kszy od sektora GA i by\u0142 prawdopodobnie najwi\u0119kszym sektorem na ca\u0142ym obiekcie. Ilustruje to fotografia (za\u0142\u0105cznik, fot. 1), wykonana na omawianym koncercie, z wyra\u017anie widoczn\u0105 granic\u0105 mi\u0119dzy sektorami GA i GC.<\/p>\n<p>Jakkolwiek rozumiem, \u017ce mapka nie by\u0142a dok\u0142adnym planem obiektu, tak r\u00f3\u017cnicy w stosunku do stanu faktycznego nie da si\u0119 wyt\u0142umaczy\u0107 jedynie jej pogl\u0105dowym charakterem. Stosunek wielko\u015bci sektora GA do GC by\u0142 <strong>dramatycznie r\u00f3\u017cny<\/strong> na mapie oraz w rzeczywisto\u015bci. Bli\u017csza analiza wskazuje, \u017ce proporcja pomi\u0119dzy d\u0142ugo\u015bci\u0105 bok\u00f3w obu sektor\u00f3w zmieni\u0142a si\u0119 oko\u0142o 4-krotnie (!) \u2013 z ok. 2:1 na ok. 1:2 (patrz: za\u0142\u0105czniki, fotografie 2 i 3). W przypadku tak uderzaj\u0105cych r\u00f3\u017cnic, <strong>jest oczywistym, \u017ce mapka wprowadza\u0142a w b\u0142\u0105d co do wielko\u015bci i charakteru sektora Golden Circle<\/strong>.<\/p>\n<p>Dodatkowo <strong>w b\u0142\u0105d wprowadza\u0142o u\u017cycie, jako nazwy sektora bli\u017cszego scenie, s\u0142\u00f3w \u201egolden circle\u201d<\/strong>, w spos\u00f3b oczywisty sugeruj\u0105cych sektor stosunkowo niewielki, o wyj\u0105tkowym, nawet ekskluzywnych charakterze. W spos\u00f3b oczywisty, omawiany sektor na gda\u0144skim koncercie Guns N\u2019Roses, takiego charakteru nie mia\u0142.<\/p>\n<p>Reasumuj\u0105c, uwa\u017cam, \u017ce <strong>zar\u00f3wno organizator, jak i sprzedawca bilet\u00f3w (kt\u00f3ry dysponowa\u0142 pe\u0142n\u0105 wiedz\u0105 na temat liczby sprzedawanych bilet\u00f3w) wprowadzili mnie w b\u0142\u0105d co do charakteru i jako\u015bci \u015bwiadczenia<\/strong>, gdy\u017c udzia\u0142 w gda\u0144skim koncercie w strefie Golden Circle nie mia\u0142 nic wsp\u00f3lnego z do\u015bwiadczeniem, jakie strefa GC powinna zapewnia\u0107:<\/p>\n<ul>\n<li>w bezpo\u015brednim i bliskim s\u0105siedztwie sceny panowa\u0142 <strong>ogromny t\u0142ok<\/strong>, czego dowodem by\u0142 fakt, \u017ce podczas koncertu, wokalista Guns N\u2019Roses<strong> dwukrotnie (!) wzywa\u0142 publiczno\u015b\u0107 do cofni\u0119cia si\u0119, by nie powodowa\u0107 zagro\u017cenia dla widz\u00f3w \u015bci\u015bni\u0119tych pod barierkami bezpo\u015brednio pod scen\u0105<\/strong>. By\u0142o to bezpo\u015bredni\u0105 konsekwencj\u0105 decyzji organizatora o wielko\u015bci sektora. Gdyby Golden Circle by\u0142o rozmiar\u00f3w zbli\u017conych do tych na grafice z planem, na pierwsze rz\u0119dy napiera\u0142aby publiczno\u015b\u0107 zgromadzona na powierzchni 1\/3 p\u0142yty stadionu; tymczasem faktycznie, <strong>na pierwsze rz\u0119dy napiera\u0142a publiczno\u015b\u0107 zgromadzona na powierzchni 2\/3 p\u0142yty stadionu<\/strong>, oczekuj\u0105ca, by znale\u017a\u0107 si\u0119 \u2013 zgodnie z ide\u0105 Golden Circle \u2013 jak najbli\u017cej sceny.<\/li>\n<li>w wi\u0119kszej odleg\u0142o\u015bci trudno by\u0142o m\u00f3wi\u0107 o \u201ewzgl\u0119dnie bliskim kontakcie z artyst\u0105\u201d; z wi\u0119kszo\u015bci powierzchni sektora Golden Circe scena by\u0142a bardzo s\u0142abo widoczna, a <strong>muzyk\u00f3w obserwowa\u0107 da\u0142o si\u0119 w zasadzie jedynie na telebimach, a nie \u2013 jak to powinno by\u0107 w przypadku stref Golden Circle \u2013 bezpo\u015brednio na scenie<\/strong>.<\/li>\n<\/ul>\n<p><span style=\"color: #ff0000;\">W zwi\u0105zku z powy\u017cszym, jako \u017ce jako\u015b\u0107 dostarczonej przez organizatora koncertu us\u0142ugi odpowiada\u0142a udzia\u0142owi koncercie dla widza znajduj\u0105cego si\u0119 na \u201ezwyk\u0142ej\u201d p\u0142ycie, <strong>\u017c\u0105dam zwrotu kwoty 100 z\u0142, b\u0119d\u0105cej r\u00f3\u017cnic\u0105 pomi\u0119dzy cen\u0105 biletu do sektora GA (256 z\u0142) i GC (356 z\u0142)<\/strong>.<\/span><\/p>\n<p><span style=\"color: #99cc00;\">W zwi\u0105zku z powy\u017cszym, jako \u017ce jako\u015b\u0107 dostarczonej przez organizatora koncertu us\u0142ugi odpowiada\u0142a udzia\u0142owi koncercie dla widza znajduj\u0105cego si\u0119 na \u201ezwyk\u0142ej\u201d p\u0142ycie, w oparciu o art. 471 Kodeksu Cywilnego przewiduj\u0105cy, \u017ce d\u0142u\u017cnik obowi\u0105zany jest do naprawienia szkody wynik\u0142ej z niewykonania lub nienale\u017cytego wykonania zobowi\u0105zania, <strong>\u017c\u0105dam zwrotu kwoty <\/strong><strong><span style=\"color: #ff0000;\">&#8230;<\/span> z\u0142<\/strong>.<\/span><\/p>\n<p>Z powa\u017caniem<\/p>\n<p><em><span style=\"color: #ff0000;\">Imi\u0119 Nazwisko<\/span> <\/em><\/p>\n<p>&nbsp;<\/p>\n<h1>Za\u0142\u0105czniki<\/h1>\n<h3>Fotografia 1.<\/h3>\n<p><em><img decoding=\"async\" loading=\"lazy\" class=\"aligncenter size-full wp-image-4815\" src=\"https:\/\/www.maltreting.pl\/wp-content\/uploads\/2017\/07\/19396963_1422665117818097_9221840340829145228_n.jpg\" alt=\"\" width=\"960\" height=\"540\" srcset=\"https:\/\/www.maltreting.pl\/wp-content\/uploads\/2017\/07\/19396963_1422665117818097_9221840340829145228_n.jpg 960w, https:\/\/www.maltreting.pl\/wp-content\/uploads\/2017\/07\/19396963_1422665117818097_9221840340829145228_n-300x169.jpg 300w, https:\/\/www.maltreting.pl\/wp-content\/uploads\/2017\/07\/19396963_1422665117818097_9221840340829145228_n-768x432.jpg 768w, https:\/\/www.maltreting.pl\/wp-content\/uploads\/2017\/07\/19396963_1422665117818097_9221840340829145228_n-622x350.jpg 622w, https:\/\/www.maltreting.pl\/wp-content\/uploads\/2017\/07\/19396963_1422665117818097_9221840340829145228_n-150x84.jpg 150w\" sizes=\"(max-width: 960px) 100vw, 960px\" \/>\u0179r\u00f3d\u0142o: <\/em><a href=\"https:\/\/www.facebook.com\/heavyrockpl\/photos\/a.1387916451460861.1073741827.1387896518129521\/1878468982405603\/\"><em>https:\/\/www.facebook.com\/heavyrockpl\/photos\/a.1387916451460861.1073741827.1387896518129521\/1878468982405603\/<\/em><\/a><em> data pobrania pliku z grafik\u0105: 22.06.2017<\/em><\/p>\n<h3>Fotografia 2.<\/h3>\n<p><img decoding=\"async\" loading=\"lazy\" class=\"size-full wp-image-4790\" src=\"https:\/\/www.maltreting.pl\/wp-content\/uploads\/2017\/07\/gnr-mapka-analiza.jpg\" alt=\"Guns N'Roses Golden Circle Mapka Analiza\" width=\"600\" height=\"803\" srcset=\"https:\/\/www.maltreting.pl\/wp-content\/uploads\/2017\/07\/gnr-mapka-analiza.jpg 600w, https:\/\/www.maltreting.pl\/wp-content\/uploads\/2017\/07\/gnr-mapka-analiza-224x300.jpg 224w, https:\/\/www.maltreting.pl\/wp-content\/uploads\/2017\/07\/gnr-mapka-analiza-262x350.jpg 262w, https:\/\/www.maltreting.pl\/wp-content\/uploads\/2017\/07\/gnr-mapka-analiza-112x150.jpg 112w\" sizes=\"(max-width: 600px) 100vw, 600px\" \/><\/p>\n<p><em>W analizie mapy brano pod uwag\u0119 d\u0142ugo\u015b\u0107 odpowiednich bok\u00f3w wyra\u017con\u0105 liczb\u0105 pikseli. \u0179r\u00f3d\u0142o: <\/em><a href=\"https:\/\/www.maltreting.pl\/wp-content\/uploads\/2017\/07\/gnr-mapka-analiza.jpg\"><em>https:\/\/www.maltreting.pl\/wp-content\/uploads\/2017\/07\/gnr-mapka-analiza.jpg<\/em><\/a><\/p>\n<h3>Fotografia 3.<\/h3>\n<p><img decoding=\"async\" loading=\"lazy\" class=\"size-full wp-image-4789\" src=\"https:\/\/www.maltreting.pl\/wp-content\/uploads\/2017\/07\/gnr-golden-circle-analiza.jpg\" alt=\"Guns N'Roses Golden Circle Analiza\" width=\"960\" height=\"540\" srcset=\"https:\/\/www.maltreting.pl\/wp-content\/uploads\/2017\/07\/gnr-golden-circle-analiza.jpg 960w, https:\/\/www.maltreting.pl\/wp-content\/uploads\/2017\/07\/gnr-golden-circle-analiza-300x169.jpg 300w, https:\/\/www.maltreting.pl\/wp-content\/uploads\/2017\/07\/gnr-golden-circle-analiza-768x432.jpg 768w, https:\/\/www.maltreting.pl\/wp-content\/uploads\/2017\/07\/gnr-golden-circle-analiza-622x350.jpg 622w, https:\/\/www.maltreting.pl\/wp-content\/uploads\/2017\/07\/gnr-golden-circle-analiza-150x84.jpg 150w\" sizes=\"(max-width: 960px) 100vw, 960px\" \/><\/p>\n<p><span style=\"color: #000000;\"><em>Oszacowanie rzeczywistych proporcji d\u0142ugo\u015bci boku poszczeg\u00f3lnych stref; w analizie zdj\u0119cia (Fotografia 1) wykorzystano fakt, \u017ce plastikowe p\u0142yty zabezpieczaj\u0105ce muraw\u0119 stadionu tworz\u0105 wyra\u017anie widoczne na zdj\u0119ciu pasy; umo\u017cliwi\u0142o to por\u00f3wnanie d\u0142ugo\u015bci zewn\u0119trznych kraw\u0119dzi obu stref. \u0179r\u00f3d\u0142o: <\/em><a href=\"https:\/\/www.maltreting.pl\/wp-content\/uploads\/2017\/07\/gnr-golden-circle-analiza.jpg\"><em>https:\/\/www.maltreting.pl\/wp-content\/uploads\/2017\/07\/gnr-golden-circle-analiza.jpg<\/em><\/a>\u00a0<\/span><\/p>\n\n<!-- Facebook Like Button v1.9.6 BEGIN [http:\/\/blog.bottomlessinc.com] -->\n<iframe src=\"http:\/\/www.facebook.com\/plugins\/like.php?href=https%3A%2F%2Fwww.maltreting.pl%2Findex.php%2Fzlomowisko%2Fgolden-circle-wedlug-live-nation-reklamacja%2F&amp;layout=button_count&amp;show_faces=false&amp;width=450&amp;action=like&amp;colorscheme=light\" scrolling=\"no\" frameborder=\"0\" allowTransparency=\"true\" style=\"border:none; overflow:hidden; width:450px; height: 30px; align: left; margin: 12px 0px 6px 0px\"><\/iframe>\n<!-- Facebook Like Button END -->\n","protected":false},"excerpt":{"rendered":"<p>Tu znajdziesz tekst reklamacji skierowanej do Ticketmaster\u00a0(sp\u00f3\u0142ki nale\u017c\u0105cej do Live Nation Enterntainment) dotycz\u0105cej rozmiar\u00f3w Golden Circle na koncercie Guns N&#8217;Roses w Gda\u0144sku. Kolorami zaznaczy\u0142em fragmenty, w kt\u00f3rych tekst nale\u017cy dostosowa\u0107 (uzupe\u0142ni\u0107 lub pozostawi\u0107 \/ wykre\u015bli\u0107 odpowiedni wariant) do w\u0142asnych potrzeb \/ w\u0142asnej sytuacji. Plik do pobrania, wydruku i wys\u0142ania poczt\u0105:\u2026<\/p>\n<p> <a class=\"continue-reading-link\" href=\"https:\/\/www.maltreting.pl\/index.php\/zlomowisko\/golden-circle-wedlug-live-nation-reklamacja\/\"><span>Czytaj dalej<\/span><i class=\"crycon-right-dir\"><\/i><\/a> <\/p>\n","protected":false},"author":3,"featured_media":0,"parent":1956,"menu_order":0,"comment_status":"open","ping_status":"closed","template":"","meta":{"sfsi_plus_gutenberg_text_before_share":"","sfsi_plus_gutenberg_show_text_before_share":"","sfsi_plus_gutenberg_icon_type":"","sfsi_plus_gutenberg_icon_alignemt":"","sfsi_plus_gutenburg_max_per_row":""},"_links":{"self":[{"href":"https:\/\/www.maltreting.pl\/index.php\/wp-json\/wp\/v2\/pages\/4792"}],"collection":[{"href":"https:\/\/www.maltreting.pl\/index.php\/wp-json\/wp\/v2\/pages"}],"about":[{"href":"https:\/\/www.maltreting.pl\/index.php\/wp-json\/wp\/v2\/types\/page"}],"author":[{"embeddable":true,"href":"https:\/\/www.maltreting.pl\/index.php\/wp-json\/wp\/v2\/users\/3"}],"replies":[{"embeddable":true,"href":"https:\/\/www.maltreting.pl\/index.php\/wp-json\/wp\/v2\/comments?post=4792"}],"version-history":[{"count":12,"href":"https:\/\/www.maltreting.pl\/index.php\/wp-json\/wp\/v2\/pages\/4792\/revisions"}],"predecessor-version":[{"id":4855,"href":"https:\/\/www.maltreting.pl\/index.php\/wp-json\/wp\/v2\/pages\/4792\/revisions\/4855"}],"up":[{"embeddable":true,"href":"https:\/\/www.maltreting.pl\/index.php\/wp-json\/wp\/v2\/pages\/1956"}],"wp:attachment":[{"href":"https:\/\/www.maltreting.pl\/index.php\/wp-json\/wp\/v2\/media?parent=4792"}],"curies":[{"name":"wp","href":"https:\/\/api.w.org\/{rel}","templated":true}]}}