{"id":4096,"date":"2015-09-23T00:53:27","date_gmt":"2015-09-22T22:53:27","guid":{"rendered":"http:\/\/www.maltreting.pl\/?page_id=4096"},"modified":"2015-09-23T01:04:01","modified_gmt":"2015-09-22T23:04:01","slug":"raport2015","status":"publish","type":"page","link":"https:\/\/www.maltreting.pl\/index.php\/raport2015\/","title":{"rendered":"Raport 2015: kluczowe trendy dla marketingu"},"content":{"rendered":"<p style=\"text-align: justify;\">&#8222;Raport 2015: Kluczowe trendy dla marketingu&#8221; to przygotowany ogromnym wysi\u0142kiem intelektualno-organizacyjnym materia\u0142 profetyczno-prognostyczny, b\u0119d\u0105cy efektem rozm\u00f3w z nietuzinkowymi osobisto\u015bciami \u015bwiata marketingu i uznanymi ekspertami w swoich dziedzinach.<\/p>\n<p style=\"text-align: justify;\">Raport podzielony zosta\u0142 na 4 odr\u0119bne segmenty tematyczne. Zach\u0119cam do wnikliwej lektury, gdy\u017c to, co dzisiaj jest prognoz\u0105, jutro b\u0119dzie rzeczywisto\u015bci\u0105.<\/p>\n<p style=\"text-align: justify;\">Na kt\u00f3r\u0105 prawdziwy profesjonalista powinien by\u0107 przygotowany.<\/p>\n<p style=\"text-align: justify;\"><a href=\"https:\/\/www.maltreting.pl\/index.php\/2015\/09\/raport-2015-kluczowe-trendy-dla-marketingu-uroczysta-premiera-i-trend-1\/\"><img decoding=\"async\" loading=\"lazy\" class=\"aligncenter wp-image-4097 size-full\" src=\"https:\/\/www.maltreting.pl\/wp-content\/uploads\/2015\/09\/raport-trendy2015-1-banner.jpg\" alt=\"#1. Rozw\u00f3j mobilnej fotografii autoportretowej\" width=\"850\" height=\"105\" srcset=\"https:\/\/www.maltreting.pl\/wp-content\/uploads\/2015\/09\/raport-trendy2015-1-banner.jpg 850w, https:\/\/www.maltreting.pl\/wp-content\/uploads\/2015\/09\/raport-trendy2015-1-banner-300x37.jpg 300w, https:\/\/www.maltreting.pl\/wp-content\/uploads\/2015\/09\/raport-trendy2015-1-banner-150x18.jpg 150w\" sizes=\"(max-width: 850px) 100vw, 850px\" \/><br \/>\n<\/a> <a href=\"https:\/\/www.maltreting.pl\/index.php\/2015\/09\/raport-2015-kluczowe-trendy-dla-marketingu-trend-2-wielowymiarowa-rozrywka\/\"><img decoding=\"async\" loading=\"lazy\" class=\"aligncenter wp-image-4098 size-full\" src=\"https:\/\/www.maltreting.pl\/wp-content\/uploads\/2015\/09\/raport-trendy2015-2-banner.jpg\" alt=\"#2. Wielowymiarowa rozrywka\" width=\"850\" height=\"105\" srcset=\"https:\/\/www.maltreting.pl\/wp-content\/uploads\/2015\/09\/raport-trendy2015-2-banner.jpg 850w, https:\/\/www.maltreting.pl\/wp-content\/uploads\/2015\/09\/raport-trendy2015-2-banner-300x37.jpg 300w, https:\/\/www.maltreting.pl\/wp-content\/uploads\/2015\/09\/raport-trendy2015-2-banner-150x18.jpg 150w\" sizes=\"(max-width: 850px) 100vw, 850px\" \/><br \/>\n<\/a> <a href=\"https:\/\/www.maltreting.pl\/index.php\/2015\/09\/raport-2015-kluczowe-trendy-dla-marketingu-trend-3-abonamentyzacja-i-informatyzacja-motoryzacji-miedzy-innymi\/\"><img decoding=\"async\" loading=\"lazy\" class=\"aligncenter wp-image-4099 size-full\" src=\"https:\/\/www.maltreting.pl\/wp-content\/uploads\/2015\/09\/raport-trendy2015-3-banner.jpg\" alt=\"#3. Abonentyzacja i informatyzacja. Motoryzacji. Mi\u0119dzy innymi.\" width=\"850\" height=\"105\" srcset=\"https:\/\/www.maltreting.pl\/wp-content\/uploads\/2015\/09\/raport-trendy2015-3-banner.jpg 850w, https:\/\/www.maltreting.pl\/wp-content\/uploads\/2015\/09\/raport-trendy2015-3-banner-300x37.jpg 300w, https:\/\/www.maltreting.pl\/wp-content\/uploads\/2015\/09\/raport-trendy2015-3-banner-150x18.jpg 150w\" sizes=\"(max-width: 850px) 100vw, 850px\" \/><br \/>\n<\/a> <a href=\"https:\/\/www.maltreting.pl\/index.php\/2015\/09\/raport-2015-kluczowe-trendy-dla-marketingu-trend-4-nieuchronna-smierc-internetu\/\"><img decoding=\"async\" loading=\"lazy\" class=\"aligncenter wp-image-4100 size-full\" src=\"https:\/\/www.maltreting.pl\/wp-content\/uploads\/2015\/09\/raport-trendy2015-4-banner.jpg\" alt=\"#4. Nieuchronna \u015bmier\u0107 Internetu\" width=\"850\" height=\"105\" srcset=\"https:\/\/www.maltreting.pl\/wp-content\/uploads\/2015\/09\/raport-trendy2015-4-banner.jpg 850w, https:\/\/www.maltreting.pl\/wp-content\/uploads\/2015\/09\/raport-trendy2015-4-banner-300x37.jpg 300w, https:\/\/www.maltreting.pl\/wp-content\/uploads\/2015\/09\/raport-trendy2015-4-banner-150x18.jpg 150w\" sizes=\"(max-width: 850px) 100vw, 850px\" \/><\/a><\/p>\n\n<!-- Facebook Like Button v1.9.6 BEGIN [http:\/\/blog.bottomlessinc.com] -->\n<iframe src=\"http:\/\/www.facebook.com\/plugins\/like.php?href=https%3A%2F%2Fwww.maltreting.pl%2Findex.php%2Fraport2015%2F&amp;layout=button_count&amp;show_faces=false&amp;width=450&amp;action=like&amp;colorscheme=light\" scrolling=\"no\" frameborder=\"0\" allowTransparency=\"true\" style=\"border:none; overflow:hidden; width:450px; height: 30px; align: left; margin: 12px 0px 6px 0px\"><\/iframe>\n<!-- Facebook Like Button END -->\n","protected":false},"excerpt":{"rendered":"<p>&#8222;Raport 2015: Kluczowe trendy dla marketingu&#8221; to przygotowany ogromnym wysi\u0142kiem intelektualno-organizacyjnym materia\u0142 profetyczno-prognostyczny, b\u0119d\u0105cy efektem rozm\u00f3w z nietuzinkowymi osobisto\u015bciami \u015bwiata marketingu i uznanymi ekspertami w swoich dziedzinach. Raport podzielony zosta\u0142 na 4 odr\u0119bne segmenty tematyczne. Zach\u0119cam do wnikliwej lektury, gdy\u017c to, co dzisiaj jest prognoz\u0105, jutro b\u0119dzie rzeczywisto\u015bci\u0105. Na kt\u00f3r\u0105\u2026<\/p>\n<p> <a class=\"continue-reading-link\" href=\"https:\/\/www.maltreting.pl\/index.php\/raport2015\/\"><span>Czytaj dalej<\/span><i class=\"crycon-right-dir\"><\/i><\/a> <\/p>\n","protected":false},"author":3,"featured_media":3823,"parent":0,"menu_order":0,"comment_status":"open","ping_status":"open","template":"","meta":{"sfsi_plus_gutenberg_text_before_share":"","sfsi_plus_gutenberg_show_text_before_share":"","sfsi_plus_gutenberg_icon_type":"","sfsi_plus_gutenberg_icon_alignemt":"","sfsi_plus_gutenburg_max_per_row":""},"_links":{"self":[{"href":"https:\/\/www.maltreting.pl\/index.php\/wp-json\/wp\/v2\/pages\/4096"}],"collection":[{"href":"https:\/\/www.maltreting.pl\/index.php\/wp-json\/wp\/v2\/pages"}],"about":[{"href":"https:\/\/www.maltreting.pl\/index.php\/wp-json\/wp\/v2\/types\/page"}],"author":[{"embeddable":true,"href":"https:\/\/www.maltreting.pl\/index.php\/wp-json\/wp\/v2\/users\/3"}],"replies":[{"embeddable":true,"href":"https:\/\/www.maltreting.pl\/index.php\/wp-json\/wp\/v2\/comments?post=4096"}],"version-history":[{"count":7,"href":"https:\/\/www.maltreting.pl\/index.php\/wp-json\/wp\/v2\/pages\/4096\/revisions"}],"predecessor-version":[{"id":4107,"href":"https:\/\/www.maltreting.pl\/index.php\/wp-json\/wp\/v2\/pages\/4096\/revisions\/4107"}],"wp:featuredmedia":[{"embeddable":true,"href":"https:\/\/www.maltreting.pl\/index.php\/wp-json\/wp\/v2\/media\/3823"}],"wp:attachment":[{"href":"https:\/\/www.maltreting.pl\/index.php\/wp-json\/wp\/v2\/media?parent=4096"}],"curies":[{"name":"wp","href":"https:\/\/api.w.org\/{rel}","templated":true}]}}