{"id":4030,"date":"2015-08-13T15:04:06","date_gmt":"2015-08-13T13:04:06","guid":{"rendered":"http:\/\/www.maltreting.pl\/?page_id=4030"},"modified":"2015-08-14T09:09:34","modified_gmt":"2015-08-14T07:09:34","slug":"cennik","status":"publish","type":"page","link":"https:\/\/www.maltreting.pl\/index.php\/cennik\/","title":{"rendered":"Cennik"},"content":{"rendered":"<p style=\"text-align: justify;\"><em>Profesjonalizm wymaga od blogera jasnych warunk\u00f3w komercyjnej wsp\u00f3\u0142pracy. Maltreting ma ambicje by\u0107 blogiem ze wszech miar profesjonalnym, st\u0105d niniejszym zamieszczam cennik typowych us\u0142ug. Ufam, \u017ce s\u0142u\u017cy\u0107 on b\u0119dzie nie tylko potencjalnym komercyjnym partnerom Maltretingu, ale tak\u017ce stanie si\u0119 wzorem dla polskich bloger\u00f3w i wyznacznikiem nowej jako\u015bci w blogosferze.<\/em><\/p>\n<h3><strong>US\u0141UGI TRADYCYJNE<\/strong><\/h3>\n<h4><strong>Recenzje, testy, opinie<\/strong><\/h4>\n<p style=\"text-align: justify;\">Recenzja produktu: 2 000 z\u0142.<\/p>\n<p style=\"text-align: justify;\">Pochlebna recenzja produktu: 4 000 z\u0142.<\/p>\n<p style=\"text-align: justify;\">Pochlebna recenzja kiepskiego produktu: 8 000 z\u0142.<\/p>\n<p style=\"text-align: justify;\">Co najmniej 3-krotne gor\u0105ce zapewnienie, \u017ce opinie wyra\u017cone w tek\u015bcie s\u0105 absolutnie szczere: +20%.<\/p>\n<p style=\"text-align: justify;\">Recenzja wraz z usuni\u0119ciem z Maltretingu ewentualnych wcze\u015bniejszych tekst\u00f3w nt. marki\/produktu: stawki jak wy\u017cej, plus dodatkowo 200 000 z\u0142. (Usuni\u0119cie wszystkich ewentualnych kopii wpisu z ca\u0142ego Internetu, w tym z serwis\u00f3w archiwizuj\u0105cych i cache\u2019u Google\u2019a \u2013 gratis.)<\/p>\n<p style=\"text-align: justify;\">Usuwanie niepochlebnych komentarzy: 3 z\u0142\/szt.<\/p>\n<p style=\"text-align: justify;\">Zablokowanie (ban) autora niepochlebnych komentarzy: 7 z\u0142\/szt. (Po 3 usuni\u0119tych komentarzach danego u\u017cytkownika, koszt zablokowania jego profilu to jedynie 99 groszy.)<\/p>\n<h5 style=\"padding-left: 30px;\"><strong>Recenzje \u2013 us\u0142ugi premium<\/strong><\/h5>\n<p style=\"padding-left: 30px; text-align: justify;\">Usuni\u0119cie \/ niezamieszczanie informacji o komercyjnym charakterze tekstu (\u201ewpis powsta\u0142 we wsp\u00f3\u0142pracy z&#8230;\u201d): +50%.<\/p>\n<p style=\"padding-left: 30px; text-align: justify;\">Ignorowanie komentarzy sugeruj\u0105cych, \u017ce tekst jest komercyjny: 2 z\u0142\/szt.<\/p>\n<p style=\"padding-left: 30px; text-align: justify;\">Usuwanie komentarzy sugeruj\u0105cych, \u017ce tekst jest komercyjny \u2013 cena i warunki jak dla niepochlebnych komentarzy.<\/p>\n<p style=\"padding-left: 30px; text-align: justify;\">Zaprzeczanie komentarzom, jakoby tekst by\u0142 komercyjny: 10 z\u0142\/szt.<\/p>\n<p style=\"padding-left: 30px; text-align: justify;\">Gor\u0105ce zaprzeczanie komentarzom,\u00a0 jakoby tekst by\u0142 komercyjny: 20 z\u0142\/szt. (W cenie: dosadne wyra\u017cenie niepochlebnej opinii o matce komentuj\u0105cego.)<\/p>\n<h4><strong>Konkursy<\/strong><\/h4>\n<p style=\"text-align: justify;\">Organizacja konkursu: 3\u00a0000 z\u0142 + nagroda g\u0142\u00f3wna.<\/p>\n<p style=\"text-align: justify;\">Konkurs, w kt\u00f3rym pozosta\u0142e nagrody wygra moja rodzina lub znajomi: 2\u00a0500 z\u0142 + nagrody o \u0142\u0105cznej warto\u015bci co najmniej 2 000 z\u0142.<\/p>\n<p style=\"text-align: justify;\">Konkurs, w kt\u00f3rym wygraj\u0105 osoby wcze\u015bniej wskazane przez organizatora: 4\u00a0000 z\u0142 + nagroda g\u0142\u00f3wna.<\/p>\n<h3><strong>CZARNY PR<\/strong><br \/>\n(us\u0142uga w fazie pilota\u017cu)<\/h3>\n<p style=\"text-align: justify;\">Negatywna recenzja produktu konkurencji: 8 000 z\u0142. Zleceniodawca otrzyma gratis niepochlebn\u0105 recenzj\u0119 w\u0142asnego produktu oraz cykl z\u0142o\u015bliwych wzmianek o swojej marce na Facebooku.<\/p>\n\n<!-- Facebook Like Button v1.9.6 BEGIN [http:\/\/blog.bottomlessinc.com] -->\n<iframe src=\"http:\/\/www.facebook.com\/plugins\/like.php?href=https%3A%2F%2Fwww.maltreting.pl%2Findex.php%2Fcennik%2F&amp;layout=button_count&amp;show_faces=false&amp;width=450&amp;action=like&amp;colorscheme=light\" scrolling=\"no\" frameborder=\"0\" allowTransparency=\"true\" style=\"border:none; overflow:hidden; width:450px; height: 30px; align: left; margin: 12px 0px 6px 0px\"><\/iframe>\n<!-- Facebook Like Button END -->\n","protected":false},"excerpt":{"rendered":"<p>Profesjonalizm wymaga od blogera jasnych warunk\u00f3w komercyjnej wsp\u00f3\u0142pracy. Maltreting ma ambicje by\u0107 blogiem ze wszech miar profesjonalnym, st\u0105d niniejszym zamieszczam cennik typowych us\u0142ug. Ufam, \u017ce s\u0142u\u017cy\u0107 on b\u0119dzie nie tylko potencjalnym komercyjnym partnerom Maltretingu, ale tak\u017ce stanie si\u0119 wzorem dla polskich bloger\u00f3w i wyznacznikiem nowej jako\u015bci w blogosferze. US\u0141UGI TRADYCYJNE\u2026<\/p>\n<p> <a class=\"continue-reading-link\" href=\"https:\/\/www.maltreting.pl\/index.php\/cennik\/\"><span>Czytaj dalej<\/span><i class=\"crycon-right-dir\"><\/i><\/a> <\/p>\n","protected":false},"author":3,"featured_media":3823,"parent":0,"menu_order":0,"comment_status":"open","ping_status":"open","template":"","meta":{"sfsi_plus_gutenberg_text_before_share":"","sfsi_plus_gutenberg_show_text_before_share":"","sfsi_plus_gutenberg_icon_type":"","sfsi_plus_gutenberg_icon_alignemt":"","sfsi_plus_gutenburg_max_per_row":""},"_links":{"self":[{"href":"https:\/\/www.maltreting.pl\/index.php\/wp-json\/wp\/v2\/pages\/4030"}],"collection":[{"href":"https:\/\/www.maltreting.pl\/index.php\/wp-json\/wp\/v2\/pages"}],"about":[{"href":"https:\/\/www.maltreting.pl\/index.php\/wp-json\/wp\/v2\/types\/page"}],"author":[{"embeddable":true,"href":"https:\/\/www.maltreting.pl\/index.php\/wp-json\/wp\/v2\/users\/3"}],"replies":[{"embeddable":true,"href":"https:\/\/www.maltreting.pl\/index.php\/wp-json\/wp\/v2\/comments?post=4030"}],"version-history":[{"count":5,"href":"https:\/\/www.maltreting.pl\/index.php\/wp-json\/wp\/v2\/pages\/4030\/revisions"}],"predecessor-version":[{"id":4039,"href":"https:\/\/www.maltreting.pl\/index.php\/wp-json\/wp\/v2\/pages\/4030\/revisions\/4039"}],"wp:featuredmedia":[{"embeddable":true,"href":"https:\/\/www.maltreting.pl\/index.php\/wp-json\/wp\/v2\/media\/3823"}],"wp:attachment":[{"href":"https:\/\/www.maltreting.pl\/index.php\/wp-json\/wp\/v2\/media?parent=4030"}],"curies":[{"name":"wp","href":"https:\/\/api.w.org\/{rel}","templated":true}]}}