{"id":3313,"date":"2013-04-19T22:16:00","date_gmt":"2013-04-19T20:16:00","guid":{"rendered":"http:\/\/www.maltreting.pl\/?page_id=3313"},"modified":"2013-04-19T22:21:21","modified_gmt":"2013-04-19T20:21:21","slug":"cookies-i-prywatnosc","status":"publish","type":"page","link":"https:\/\/www.maltreting.pl\/index.php\/cookies-i-prywatnosc\/","title":{"rendered":"Prywatno\u015b\u0107 i cookies"},"content":{"rendered":"<p style=\"text-align: justify;\"><strong>Cookies<\/strong><\/p>\n<p style=\"text-align: justify;\">Maltreting wykorzystuje cookies &#8211; ciasteczka.<\/p>\n<p style=\"text-align: justify;\">\n<p style=\"text-align: justify;\"><strong>Co to s\u0105 cookies?<\/strong><\/p>\n<p style=\"text-align: justify;\">Cookies to pliki zapisywane przez przegl\u0105dark\u0119 internetow\u0105 w urz\u0105dzeniu, z kt\u00f3rego w\u0142a\u015bnie korzystasz. W pliku cookie mog\u0105 by\u0107 zapisane r\u00f3\u017cne informacje o Tobie i o sposobie, w jaki korzystasz ze stron internetowych. Pliki cookie mog\u0105 s\u0142u\u017cy\u0107:<\/p>\n<ul class=\"unIndentedList\" style=\"text-align: justify;\">\n<li> <strong>Twojej wygodzie &#8211;<\/strong> w plikach cookie mog\u0105 by\u0107 przechowywane informacje o preferencjach wy\u015bwietlania strony (np. wielko\u015b\u0107 czcionek czy wybrana wersja j\u0119zykowa &#8211; takich rzeczy akurat na Maltretingu nie ma), albo dane, kt\u00f3re u\u0142atwiaj\u0105 \u017cycie (na przyk\u0142ad, je\u015bli komentowa\u0142e\u015b\/a\u015b ju\u017c wpis na Maltretingu, to &#8211; dzi\u0119ki cookie &#8211; kiedy b\u0119dziesz to robi\u0107 ponownie, pole z adresem e-mail b\u0119dzie ju\u017c uzupe\u0142nione).<\/li>\n<li> <strong>Wydajno\u015bci &#8211; <\/strong>dane zbierane w plikach cookie mog\u0105 s\u0142u\u017cy\u0107 przyspieszeniu dzia\u0142ania stron internetowych<\/li>\n<li> <strong>Statystykom i reklamom &#8211; <\/strong>systemy reklamowe &#8211; takie jak np. obecne na Maltretingu Google Adwords &#8211; na podstawie cookies s\u0105 w stanie \u015bledzi\u0107 aktywno\u015b\u0107 u\u017cytkownika w sieci (np. cz\u0119sto odwiedzane strony), dzi\u0119ki czemu mog\u0105 wy\u015bwietla\u0107 reklamy lepiej dopasowane do profilu \/ charakteru \/ upodoba\u0144 danego u\u017cytownika; pliki cookies wykorzystywane s\u0105 r\u00f3wnie\u017c przez Google Analytics &#8211; system statystyk, dzi\u0119ki kt\u00f3remu wiem na przyk\u0142ad sk\u0105d przychodz\u0105 czytelnicy Maltretingu, jakie teksty na Maltretingu czytaj\u0105, z jakich korzystaj\u0105 urz\u0105dze\u0144 i&#8230; ilu ich w og\u00f3le jest.<\/li>\n<\/ul>\n<p style=\"text-align: justify;\">Je\u015bli nie chcesz, aby ktokolwiek Ci\u0119 w ten spos\u00f3b \u015bledzi\u0142, mo\u017cesz wy\u0142\u0105czy\u0107 obs\u0142ugi\u0119 Cookies: <a href=\"https:\/\/www.google.pl\/search?q=jak+wy\u0142\u0105czy\u0107+cookies\" target=\"_blank\">sprawd\u017a, jak to zrobi\u0107<\/a>.<\/p>\n<p style=\"text-align: justify;\"><strong>Prywatno\u015b\u0107<\/strong><\/p>\n<p style=\"text-align: justify;\">Jedyn\u0105 znan\u0105 mi metod\u0105 naruszenia przeze mnie Twojej prywatno\u015bci jest zaznajomienie si\u0119 z danymi, kt\u00f3re sam(a) na Maltretingu zostawiasz, i to prawie w ca\u0142o\u015bci zupe\u0142nie \u015bwiadomie.<\/p>\n<p style=\"text-align: justify;\">Dane te zostawiasz, kiedy komentujesz wpisy na Maltretingu i s\u0105 to:<\/p>\n<ul class=\"unIndentedList\" style=\"text-align: justify;\">\n<li> podany przez Ciebie adres email (widoczny tylko dla mnie)<\/li>\n<li> podany przez Ciebie adres strony WWW (widoczny dla wszystkich odwiedzaj\u0105cych Maltreting)<\/li>\n<li> podany przez Ciebie nick (widoczny dla wszystkich odwiedzaj\u0105cych Maltreting)<\/li>\n<li> adres IP komputera, z kt\u00f3rego wpisujesz komentarz &#8211; to dana widoczna tylko dla mnie i jedyna dana, kt\u00f3ra nie jest przez Ciebie wpisywana, a kt\u00f3r\u0105 mimo to jestem w stanie pozna\u0107.<\/li>\n<\/ul>\n<p style=\"text-align: justify;\">Twojego adresu email nie b\u0119d\u0119 ujawnia\u0142 ani &#8211; najprawdopodobniej &#8211; w og\u00f3le wykorzystywa\u0142. Zdarzy\u0142o mi si\u0119 co prawda wys\u0142a\u0107 maila do autor\u00f3w komentarzy z jakich\u015b powod\u00f3w ciekawych dla mnie, ale:<\/p>\n<ul class=\"unIndentedList\" style=\"text-align: justify;\">\n<li> by\u0142y to sporadyczne okazje,<\/li>\n<li> obie strony by\u0142y zadowolone z wymiany maili, z czego wnosz\u0119, \u017ce nie jestem szczeg\u00f3lnie nachalny.<\/li>\n<\/ul>\n\n<!-- Facebook Like Button v1.9.6 BEGIN [http:\/\/blog.bottomlessinc.com] -->\n<iframe src=\"http:\/\/www.facebook.com\/plugins\/like.php?href=https%3A%2F%2Fwww.maltreting.pl%2Findex.php%2Fcookies-i-prywatnosc%2F&amp;layout=button_count&amp;show_faces=false&amp;width=450&amp;action=like&amp;colorscheme=light\" scrolling=\"no\" frameborder=\"0\" allowTransparency=\"true\" style=\"border:none; overflow:hidden; width:450px; height: 30px; align: left; margin: 12px 0px 6px 0px\"><\/iframe>\n<!-- Facebook Like Button END -->\n","protected":false},"excerpt":{"rendered":"<p>Cookies Maltreting wykorzystuje cookies &#8211; ciasteczka. Co to s\u0105 cookies? Cookies to pliki zapisywane przez przegl\u0105dark\u0119 internetow\u0105 w urz\u0105dzeniu, z kt\u00f3rego w\u0142a\u015bnie korzystasz. W pliku cookie mog\u0105 by\u0107 zapisane r\u00f3\u017cne informacje o Tobie i o sposobie, w jaki korzystasz ze stron internetowych. Pliki cookie mog\u0105 s\u0142u\u017cy\u0107: Twojej wygodzie &#8211; w\u2026<\/p>\n<p> <a class=\"continue-reading-link\" href=\"https:\/\/www.maltreting.pl\/index.php\/cookies-i-prywatnosc\/\"><span>Czytaj dalej<\/span><i class=\"crycon-right-dir\"><\/i><\/a> <\/p>\n","protected":false},"author":3,"featured_media":0,"parent":0,"menu_order":5,"comment_status":"open","ping_status":"open","template":"","meta":{"sfsi_plus_gutenberg_text_before_share":"","sfsi_plus_gutenberg_show_text_before_share":"","sfsi_plus_gutenberg_icon_type":"","sfsi_plus_gutenberg_icon_alignemt":"","sfsi_plus_gutenburg_max_per_row":""},"_links":{"self":[{"href":"https:\/\/www.maltreting.pl\/index.php\/wp-json\/wp\/v2\/pages\/3313"}],"collection":[{"href":"https:\/\/www.maltreting.pl\/index.php\/wp-json\/wp\/v2\/pages"}],"about":[{"href":"https:\/\/www.maltreting.pl\/index.php\/wp-json\/wp\/v2\/types\/page"}],"author":[{"embeddable":true,"href":"https:\/\/www.maltreting.pl\/index.php\/wp-json\/wp\/v2\/users\/3"}],"replies":[{"embeddable":true,"href":"https:\/\/www.maltreting.pl\/index.php\/wp-json\/wp\/v2\/comments?post=3313"}],"version-history":[{"count":6,"href":"https:\/\/www.maltreting.pl\/index.php\/wp-json\/wp\/v2\/pages\/3313\/revisions"}],"predecessor-version":[{"id":3319,"href":"https:\/\/www.maltreting.pl\/index.php\/wp-json\/wp\/v2\/pages\/3313\/revisions\/3319"}],"wp:attachment":[{"href":"https:\/\/www.maltreting.pl\/index.php\/wp-json\/wp\/v2\/media?parent=3313"}],"curies":[{"name":"wp","href":"https:\/\/api.w.org\/{rel}","templated":true}]}}