{"id":2542,"date":"2012-01-04T01:25:28","date_gmt":"2012-01-03T23:25:28","guid":{"rendered":"http:\/\/www.maltreting.pl\/?page_id=2542"},"modified":"2012-01-05T01:52:19","modified_gmt":"2012-01-04T23:52:19","slug":"o-mnie","status":"publish","type":"page","link":"https:\/\/www.maltreting.pl\/index.php\/o-mnie\/","title":{"rendered":"O mnie"},"content":{"rendered":"<p style=\"text-align: justify;\">Jestem zab\u00f3jczo przystojny. Mo\u017ce nawet kiedy\u015b to udowodni\u0119. Na razie jednak \u015bwiat musi zadowoli\u0107 si\u0119 moimi tekstami pozbawionymi kontekstu mojej g\u0119by. Ewentualnie mog\u0119 zdradzi\u0107 nieco informacji na temat <a href=\"https:\/\/www.maltreting.pl\/index.php\/o-mnie\/moje-kwalifikacje\/\">moich kwalifikacji<\/a>.<\/p>\n\n<!-- Facebook Like Button v1.9.6 BEGIN [http:\/\/blog.bottomlessinc.com] -->\n<iframe src=\"http:\/\/www.facebook.com\/plugins\/like.php?href=https%3A%2F%2Fwww.maltreting.pl%2Findex.php%2Fo-mnie%2F&amp;layout=button_count&amp;show_faces=false&amp;width=450&amp;action=like&amp;colorscheme=light\" scrolling=\"no\" frameborder=\"0\" allowTransparency=\"true\" style=\"border:none; overflow:hidden; width:450px; height: 30px; align: left; margin: 12px 0px 6px 0px\"><\/iframe>\n<!-- Facebook Like Button END -->\n","protected":false},"excerpt":{"rendered":"<p>Jestem zab\u00f3jczo przystojny. Mo\u017ce nawet kiedy\u015b to udowodni\u0119. Na razie jednak \u015bwiat musi zadowoli\u0107 si\u0119 moimi tekstami pozbawionymi kontekstu mojej g\u0119by. Ewentualnie mog\u0119 zdradzi\u0107 nieco informacji na temat moich kwalifikacji.<\/p>\n<p> <a class=\"continue-reading-link\" href=\"https:\/\/www.maltreting.pl\/index.php\/o-mnie\/\"><span>Czytaj dalej<\/span><i class=\"crycon-right-dir\"><\/i><\/a> <\/p>\n","protected":false},"author":3,"featured_media":0,"parent":0,"menu_order":2,"comment_status":"open","ping_status":"open","template":"","meta":{"sfsi_plus_gutenberg_text_before_share":"","sfsi_plus_gutenberg_show_text_before_share":"","sfsi_plus_gutenberg_icon_type":"","sfsi_plus_gutenberg_icon_alignemt":"","sfsi_plus_gutenburg_max_per_row":""},"_links":{"self":[{"href":"https:\/\/www.maltreting.pl\/index.php\/wp-json\/wp\/v2\/pages\/2542"}],"collection":[{"href":"https:\/\/www.maltreting.pl\/index.php\/wp-json\/wp\/v2\/pages"}],"about":[{"href":"https:\/\/www.maltreting.pl\/index.php\/wp-json\/wp\/v2\/types\/page"}],"author":[{"embeddable":true,"href":"https:\/\/www.maltreting.pl\/index.php\/wp-json\/wp\/v2\/users\/3"}],"replies":[{"embeddable":true,"href":"https:\/\/www.maltreting.pl\/index.php\/wp-json\/wp\/v2\/comments?post=2542"}],"version-history":[{"count":3,"href":"https:\/\/www.maltreting.pl\/index.php\/wp-json\/wp\/v2\/pages\/2542\/revisions"}],"predecessor-version":[{"id":2563,"href":"https:\/\/www.maltreting.pl\/index.php\/wp-json\/wp\/v2\/pages\/2542\/revisions\/2563"}],"wp:attachment":[{"href":"https:\/\/www.maltreting.pl\/index.php\/wp-json\/wp\/v2\/media?parent=2542"}],"curies":[{"name":"wp","href":"https:\/\/api.w.org\/{rel}","templated":true}]}}