{"id":2528,"date":"2012-01-04T01:00:53","date_gmt":"2012-01-03T23:00:53","guid":{"rendered":"http:\/\/www.maltreting.pl\/?page_id=2528"},"modified":"2012-01-04T01:04:45","modified_gmt":"2012-01-03T23:04:45","slug":"skad-sie-wzial-maltreting","status":"publish","type":"page","link":"https:\/\/www.maltreting.pl\/index.php\/o-maltretingu\/skad-sie-wzial-maltreting\/","title":{"rendered":"Sk\u0105d si\u0119 wzi\u0105\u0142 Maltreting?"},"content":{"rendered":"<p style=\"text-align: justify;\">Nie wiem, czy jest sens t\u0142umaczenia, czym jest maltreting.pl. Rozejrzyj si\u0119, poczytaj, zapewne szybko zrozumiesz, \u017ce w wi\u0119kszo\u015bci przypadk\u00f3w chodzi tu o zabaw\u0119 i kpin\u0119. Chocia\u017c czasami ta zabawa ma swoje drugie dno, a mo\u017ce nawet g\u0142\u0119bszy sens. A przynajmniej chcia\u0142bym, \u017ceby tak by\u0142o.<\/p>\n<p style=\"text-align: justify;\">Na pewno warto jednak wspomnie\u0107 o dw\u00f3ch ludziach, bez kt\u00f3rych maltreting.pl by nie powsta\u0142.<\/p>\n<p style=\"text-align: justify;\">Pierwszy jest zwi\u0105zany z Posterisanem, \u015brodkiem na hemoroidy. Jak by\u0107 mo\u017ce pami\u0119tacie, swego czasu Posterisan uzna\u0142, \u017ce sukces rynkowy odniesie b\u0119d\u0105c \u201efachowcem od ty\u0142u&#8221; i w ramach dzia\u0142a\u0144 zmierzaj\u0105cych do osi\u0105gni\u0119cia tego sukcesu przeprowadzi\u0142 stosown\u0105 kampani\u0119 reklamow\u0105.\u00a0 Autora <a title=\"Fachowiec od dupy\" href=\"https:\/\/www.maltreting.pl\/index.php\/2009\/04\/fachowiec_od_dupy\/\" target=\"_self\">PR-owskiej notki jej towarzysz\u0105cej<\/a> mo\u017cna z powodzeniem uzna\u0107 za ojca chrzestnego Maltretingu &#8211; to w\u0142a\u015bnie po lekturze owej notki powsta\u0142 Maltreting.<\/p>\n<p style=\"text-align: justify;\">Drugi to niejaki Rafa\u0142 M., kt\u00f3remu ukrad\u0142em pomys\u0142 na nazw\u0119. \u017beby by\u0142o jasne: nie s\u0105dz\u0119, \u017ceby Rafa\u0142 kiedykolwiek chcia\u0142 za\u0142o\u017cy\u0107 stron\u0119 internetow\u0105 i nazwa\u0107 j\u0105 maltreting.pl. On po prostu u\u017cywa\u0142 s\u0142owa &#8222;maltreting&#8221; jako pieszczotliwe okre\u015blenie lokalnego dzia\u0142u marketingu.\u00a0<\/p>\n\n<!-- Facebook Like Button v1.9.6 BEGIN [http:\/\/blog.bottomlessinc.com] -->\n<iframe src=\"http:\/\/www.facebook.com\/plugins\/like.php?href=https%3A%2F%2Fwww.maltreting.pl%2Findex.php%2Fo-maltretingu%2Fskad-sie-wzial-maltreting%2F&amp;layout=button_count&amp;show_faces=false&amp;width=450&amp;action=like&amp;colorscheme=light\" scrolling=\"no\" frameborder=\"0\" allowTransparency=\"true\" style=\"border:none; overflow:hidden; width:450px; height: 30px; align: left; margin: 12px 0px 6px 0px\"><\/iframe>\n<!-- Facebook Like Button END -->\n","protected":false},"excerpt":{"rendered":"<p>Nie wiem, czy jest sens t\u0142umaczenia, czym jest maltreting.pl. Rozejrzyj si\u0119, poczytaj, zapewne szybko zrozumiesz, \u017ce w wi\u0119kszo\u015bci przypadk\u00f3w chodzi tu o zabaw\u0119 i kpin\u0119. Chocia\u017c czasami ta zabawa ma swoje drugie dno, a mo\u017ce nawet g\u0142\u0119bszy sens. A przynajmniej chcia\u0142bym, \u017ceby tak by\u0142o. Na pewno warto jednak wspomnie\u0107 o\u2026<\/p>\n<p> <a class=\"continue-reading-link\" href=\"https:\/\/www.maltreting.pl\/index.php\/o-maltretingu\/skad-sie-wzial-maltreting\/\"><span>Czytaj dalej<\/span><i class=\"crycon-right-dir\"><\/i><\/a> <\/p>\n","protected":false},"author":3,"featured_media":0,"parent":2526,"menu_order":11,"comment_status":"open","ping_status":"open","template":"","meta":{"sfsi_plus_gutenberg_text_before_share":"","sfsi_plus_gutenberg_show_text_before_share":"","sfsi_plus_gutenberg_icon_type":"","sfsi_plus_gutenberg_icon_alignemt":"","sfsi_plus_gutenburg_max_per_row":""},"_links":{"self":[{"href":"https:\/\/www.maltreting.pl\/index.php\/wp-json\/wp\/v2\/pages\/2528"}],"collection":[{"href":"https:\/\/www.maltreting.pl\/index.php\/wp-json\/wp\/v2\/pages"}],"about":[{"href":"https:\/\/www.maltreting.pl\/index.php\/wp-json\/wp\/v2\/types\/page"}],"author":[{"embeddable":true,"href":"https:\/\/www.maltreting.pl\/index.php\/wp-json\/wp\/v2\/users\/3"}],"replies":[{"embeddable":true,"href":"https:\/\/www.maltreting.pl\/index.php\/wp-json\/wp\/v2\/comments?post=2528"}],"version-history":[{"count":3,"href":"https:\/\/www.maltreting.pl\/index.php\/wp-json\/wp\/v2\/pages\/2528\/revisions"}],"predecessor-version":[{"id":2531,"href":"https:\/\/www.maltreting.pl\/index.php\/wp-json\/wp\/v2\/pages\/2528\/revisions\/2531"}],"up":[{"embeddable":true,"href":"https:\/\/www.maltreting.pl\/index.php\/wp-json\/wp\/v2\/pages\/2526"}],"wp:attachment":[{"href":"https:\/\/www.maltreting.pl\/index.php\/wp-json\/wp\/v2\/media?parent=2528"}],"curies":[{"name":"wp","href":"https:\/\/api.w.org\/{rel}","templated":true}]}}