{"id":2526,"date":"2012-01-04T00:59:28","date_gmt":"2012-01-03T22:59:28","guid":{"rendered":"http:\/\/www.maltreting.pl\/?page_id=2526"},"modified":"2012-01-04T01:29:37","modified_gmt":"2012-01-03T23:29:37","slug":"o-maltretingu","status":"publish","type":"page","link":"https:\/\/www.maltreting.pl\/index.php\/o-maltretingu\/","title":{"rendered":"O Maltretingu"},"content":{"rendered":"<p>O Maltretingu wiadomo jedynie:<\/p>\n<ul>\n<li><a href=\"https:\/\/www.maltreting.pl\/index.php\/o-maltretingu\/skad-sie-wzial-maltreting\/\">sk\u0105d si\u0119 wzi\u0105\u0142<\/a>,<\/li>\n<li><a href=\"https:\/\/www.maltreting.pl\/index.php\/o-maltretingu\/dla-kogo-jest-maltreting\/\">dla kogo jest<\/a>,<\/li>\n<li><a href=\"https:\/\/www.maltreting.pl\/index.php\/o-maltretingu\/gdzie-mozna-znalezc-maltreting\/\">gdzie go mo\u017cna znale\u017a\u0107<\/a>.<\/li>\n<\/ul>\n<p>I to te\u017c nie do ko\u0144ca.<\/p>\n\n<!-- Facebook Like Button v1.9.6 BEGIN [http:\/\/blog.bottomlessinc.com] -->\n<iframe src=\"http:\/\/www.facebook.com\/plugins\/like.php?href=https%3A%2F%2Fwww.maltreting.pl%2Findex.php%2Fo-maltretingu%2F&amp;layout=button_count&amp;show_faces=false&amp;width=450&amp;action=like&amp;colorscheme=light\" scrolling=\"no\" frameborder=\"0\" allowTransparency=\"true\" style=\"border:none; overflow:hidden; width:450px; height: 30px; align: left; margin: 12px 0px 6px 0px\"><\/iframe>\n<!-- Facebook Like Button END -->\n","protected":false},"excerpt":{"rendered":"<p>O Maltretingu wiadomo jedynie: sk\u0105d si\u0119 wzi\u0105\u0142, dla kogo jest, gdzie go mo\u017cna znale\u017a\u0107. I to te\u017c nie do ko\u0144ca.<\/p>\n<p> <a class=\"continue-reading-link\" href=\"https:\/\/www.maltreting.pl\/index.php\/o-maltretingu\/\"><span>Czytaj dalej<\/span><i class=\"crycon-right-dir\"><\/i><\/a> <\/p>\n","protected":false},"author":3,"featured_media":0,"parent":0,"menu_order":1,"comment_status":"open","ping_status":"open","template":"","meta":{"sfsi_plus_gutenberg_text_before_share":"","sfsi_plus_gutenberg_show_text_before_share":"","sfsi_plus_gutenberg_icon_type":"","sfsi_plus_gutenberg_icon_alignemt":"","sfsi_plus_gutenburg_max_per_row":""},"_links":{"self":[{"href":"https:\/\/www.maltreting.pl\/index.php\/wp-json\/wp\/v2\/pages\/2526"}],"collection":[{"href":"https:\/\/www.maltreting.pl\/index.php\/wp-json\/wp\/v2\/pages"}],"about":[{"href":"https:\/\/www.maltreting.pl\/index.php\/wp-json\/wp\/v2\/types\/page"}],"author":[{"embeddable":true,"href":"https:\/\/www.maltreting.pl\/index.php\/wp-json\/wp\/v2\/users\/3"}],"replies":[{"embeddable":true,"href":"https:\/\/www.maltreting.pl\/index.php\/wp-json\/wp\/v2\/comments?post=2526"}],"version-history":[{"count":3,"href":"https:\/\/www.maltreting.pl\/index.php\/wp-json\/wp\/v2\/pages\/2526\/revisions"}],"predecessor-version":[{"id":2549,"href":"https:\/\/www.maltreting.pl\/index.php\/wp-json\/wp\/v2\/pages\/2526\/revisions\/2549"}],"wp:attachment":[{"href":"https:\/\/www.maltreting.pl\/index.php\/wp-json\/wp\/v2\/media?parent=2526"}],"curies":[{"name":"wp","href":"https:\/\/api.w.org\/{rel}","templated":true}]}}