{"id":2354,"date":"2011-11-16T23:37:36","date_gmt":"2011-11-16T21:37:36","guid":{"rendered":"http:\/\/www.maltreting.pl\/?page_id=2354"},"modified":"2011-11-27T12:49:09","modified_gmt":"2011-11-27T10:49:09","slug":"viral","status":"publish","type":"page","link":"https:\/\/www.maltreting.pl\/index.php\/rozpaczliwy-slowniczek-marketingowy\/viral\/","title":{"rendered":"Viral"},"content":{"rendered":"<p style=\"text-align: justify;\"><strong>Viral, reklama wirusowa<\/strong> &#8211; rozpaczliwa technika dotarcia z reklam\u0105 do odbiorcy; w my\u015bl za\u0142o\u017ce\u0144 tej techniki reklama tw\u00f3rcy ma si\u0119 szerzy\u0107 w Internecie, poniewa\u017c jest tak fajna, \u017ce internauci b\u0119d\u0105 j\u0105:<\/p>\n<ul style=\"text-align: justify;\">\n<li>sami z przyjemno\u015bci\u0105 ogl\u0105da\u0107<br \/>\noraz<\/li>\n<li>z wykorzystaniem mejli, jutjub\u00f3w i fejsbuk\u00f3w pokazywa\u0107 wielkiej liczbie swoich koleg\u00f3w.<\/li>\n<\/ul>\n<p style=\"text-align: justify;\">Obecnie mianem virala okre\u015bla si\u0119 ka\u017cd\u0105 reklam\u0119, w przypadku kt\u00f3rej reklamodawcy &#8211; po realizacji reklamy &#8211; nie starczy\u0142o pieni\u0119dzy na jej emisj\u0119 w telewizji.<\/p>\n<p style=\"text-align: justify;\"><a href=\"https:\/\/www.maltreting.pl\/index.php\/rozpaczliwy-slowniczek-marketingowy\/\">Powr\u00f3t do rozpaczliwej listy hase\u0142<\/a><\/p>\n\n<!-- Facebook Like Button v1.9.6 BEGIN [http:\/\/blog.bottomlessinc.com] -->\n<iframe src=\"http:\/\/www.facebook.com\/plugins\/like.php?href=https%3A%2F%2Fwww.maltreting.pl%2Findex.php%2Frozpaczliwy-slowniczek-marketingowy%2Fviral%2F&amp;layout=button_count&amp;show_faces=false&amp;width=450&amp;action=like&amp;colorscheme=light\" scrolling=\"no\" frameborder=\"0\" allowTransparency=\"true\" style=\"border:none; overflow:hidden; width:450px; height: 30px; align: left; margin: 12px 0px 6px 0px\"><\/iframe>\n<!-- Facebook Like Button END -->\n","protected":false},"excerpt":{"rendered":"<p>Viral, reklama wirusowa &#8211; rozpaczliwa technika dotarcia z reklam\u0105 do odbiorcy; w my\u015bl za\u0142o\u017ce\u0144 tej techniki reklama tw\u00f3rcy ma si\u0119 szerzy\u0107 w Internecie, poniewa\u017c jest tak fajna, \u017ce internauci b\u0119d\u0105 j\u0105: sami z przyjemno\u015bci\u0105 ogl\u0105da\u0107 oraz z wykorzystaniem mejli, jutjub\u00f3w i fejsbuk\u00f3w pokazywa\u0107 wielkiej liczbie swoich koleg\u00f3w. Obecnie mianem virala\u2026<\/p>\n<p> <a class=\"continue-reading-link\" href=\"https:\/\/www.maltreting.pl\/index.php\/rozpaczliwy-slowniczek-marketingowy\/viral\/\"><span>Czytaj dalej<\/span><i class=\"crycon-right-dir\"><\/i><\/a> <\/p>\n","protected":false},"author":3,"featured_media":0,"parent":946,"menu_order":0,"comment_status":"open","ping_status":"open","template":"","meta":{"sfsi_plus_gutenberg_text_before_share":"","sfsi_plus_gutenberg_show_text_before_share":"","sfsi_plus_gutenberg_icon_type":"","sfsi_plus_gutenberg_icon_alignemt":"","sfsi_plus_gutenburg_max_per_row":""},"_links":{"self":[{"href":"https:\/\/www.maltreting.pl\/index.php\/wp-json\/wp\/v2\/pages\/2354"}],"collection":[{"href":"https:\/\/www.maltreting.pl\/index.php\/wp-json\/wp\/v2\/pages"}],"about":[{"href":"https:\/\/www.maltreting.pl\/index.php\/wp-json\/wp\/v2\/types\/page"}],"author":[{"embeddable":true,"href":"https:\/\/www.maltreting.pl\/index.php\/wp-json\/wp\/v2\/users\/3"}],"replies":[{"embeddable":true,"href":"https:\/\/www.maltreting.pl\/index.php\/wp-json\/wp\/v2\/comments?post=2354"}],"version-history":[{"count":4,"href":"https:\/\/www.maltreting.pl\/index.php\/wp-json\/wp\/v2\/pages\/2354\/revisions"}],"predecessor-version":[{"id":2416,"href":"https:\/\/www.maltreting.pl\/index.php\/wp-json\/wp\/v2\/pages\/2354\/revisions\/2416"}],"up":[{"embeddable":true,"href":"https:\/\/www.maltreting.pl\/index.php\/wp-json\/wp\/v2\/pages\/946"}],"wp:attachment":[{"href":"https:\/\/www.maltreting.pl\/index.php\/wp-json\/wp\/v2\/media?parent=2354"}],"curies":[{"name":"wp","href":"https:\/\/api.w.org\/{rel}","templated":true}]}}