{"id":2263,"date":"2011-10-25T23:40:34","date_gmt":"2011-10-25T21:40:34","guid":{"rendered":"http:\/\/www.maltreting.pl\/?page_id=2263"},"modified":"2013-04-19T22:22:46","modified_gmt":"2013-04-19T20:22:46","slug":"o-tym-co-tu-wolno-a-czego-nie","status":"publish","type":"page","link":"https:\/\/www.maltreting.pl\/index.php\/o-tym-co-tu-wolno-a-czego-nie\/","title":{"rendered":"O tym, co tu wolno, a czego nie"},"content":{"rendered":"<p style=\"text-align: justify;\">W ko\u0144cu s\u0105. Zasady. \u017beby\u015bmy wszyscy wiedzieli, co mog\u0105, a czego &#8211; niekoniecznie. Przynajmniej nie tutaj.<\/p>\n<p style=\"text-align: justify;\"><strong>Punkt pierwszy.<\/strong><br \/>\nZwykle nie ustaj\u0119 w staraniach, aby nie usuwa\u0107 komentarzy tudzie\u017c je akceptowa\u0107 (komentarze s\u0105 moderowane). Ale czasami ustan\u0119 w tych staraniach, szczeg\u00f3lnie je\u015bli pojawi\u0105 si\u0119 personalne wycieczki pod adresem innych komentuj\u0105cych lub os\u00f3b trzecich. W przypadku personalnych wycieczek pod moim adresem zastrzegam sobie prawo do dowolno\u015bci w kasowaniu \/ nie-kasowaniu.<\/p>\n<p style=\"text-align: justify;\">Mog\u0119 r\u00f3wnie\u017c usta\u0107 w staraniach, je\u015bli komentarze b\u0119d\u0105 od czapy.<\/p>\n<p><strong>Punkt drugi.<\/strong><\/p>\n<p><strong> <\/strong><\/p>\n<p style=\"text-align: justify;\">Mog\u0119 usta\u0107 w staraniach tak\u017ce w przypadku komentarzy, kt\u00f3re nazwa\u0142bym umownie g\u0142upimi i\/lub  niepotrzebnymi, czyli w szczeg\u00f3lno\u015bci:<\/p>\n<ul class=\"unIndentedList\">\n<li> nie wnosz\u0105cymi nic do dyskusji<\/li>\n<li> dowodz\u0105cymi niezrozumienia komentowanego tekstu<\/li>\n<li> powtarzaj\u0105cymi tre\u015bci z wcze\u015bniejszych komentarzy<\/li>\n<li> na niskim poziomie merytorycznym<\/li>\n<li> bez uzasadnienia chamskimi \/ agresywnymi \/ wulgarnymi<\/li>\n<li> innymi &#8211; niepotrzebnie zabieraj\u0105cymi miejsce i marnuj\u0105cymi czas Czytelnik\u00f3w oraz m\u00f3j<\/li>\n<\/ul>\n<p style=\"text-align: justify;\">Chc\u0119,  \u017ceby na Maltretingu pojawia\u0142y si\u0119 tre\u015bci na poziomie, a lektura tekst\u00f3w  oraz komentarzy dostarcza\u0142a rozrywki, a czasem tak\u017ce czego\u015b wi\u0119cej.  Dlatego nie chc\u0119 tolerowa\u0107 takich komentarzy, kt\u00f3re &#8211; m\u00f3wi\u0105c ogl\u0119dnie &#8211; zani\u017caj\u0105 poziom.<\/p>\n<p style=\"text-align: justify;\"><strong>Punkt trzeci.<br \/>\n<\/strong>Spam raczej jako\u015b zdzier\u017c\u0119, o ile b\u0119dzie wzgl\u0119dnie merytoryczny i utrzymany w granicach rozs\u0105dku. Pami\u0119ta w\u00f3\u0142 jak ciel\u0119ciem by\u0142 (jest).<\/p>\n<p><strong>Punkt czwarty<\/strong><\/p>\n<p>Nieobecny. Na razie starczy\u0142o mi pomys\u0142\u00f3w na trzy punkty.<\/p>\n\n<!-- Facebook Like Button v1.9.6 BEGIN [http:\/\/blog.bottomlessinc.com] -->\n<iframe src=\"http:\/\/www.facebook.com\/plugins\/like.php?href=https%3A%2F%2Fwww.maltreting.pl%2Findex.php%2Fo-tym-co-tu-wolno-a-czego-nie%2F&amp;layout=button_count&amp;show_faces=false&amp;width=450&amp;action=like&amp;colorscheme=light\" scrolling=\"no\" frameborder=\"0\" allowTransparency=\"true\" style=\"border:none; overflow:hidden; width:450px; height: 30px; align: left; margin: 12px 0px 6px 0px\"><\/iframe>\n<!-- Facebook Like Button END -->\n","protected":false},"excerpt":{"rendered":"<p>W ko\u0144cu s\u0105. Zasady. \u017beby\u015bmy wszyscy wiedzieli, co mog\u0105, a czego &#8211; niekoniecznie. Przynajmniej nie tutaj. Punkt pierwszy. Zwykle nie ustaj\u0119 w staraniach, aby nie usuwa\u0107 komentarzy tudzie\u017c je akceptowa\u0107 (komentarze s\u0105 moderowane). Ale czasami ustan\u0119 w tych staraniach, szczeg\u00f3lnie je\u015bli pojawi\u0105 si\u0119 personalne wycieczki pod adresem innych komentuj\u0105cych lub\u2026<\/p>\n<p> <a class=\"continue-reading-link\" href=\"https:\/\/www.maltreting.pl\/index.php\/o-tym-co-tu-wolno-a-czego-nie\/\"><span>Czytaj dalej<\/span><i class=\"crycon-right-dir\"><\/i><\/a> <\/p>\n","protected":false},"author":3,"featured_media":0,"parent":0,"menu_order":4,"comment_status":"open","ping_status":"open","template":"","meta":{"sfsi_plus_gutenberg_text_before_share":"","sfsi_plus_gutenberg_show_text_before_share":"","sfsi_plus_gutenberg_icon_type":"","sfsi_plus_gutenberg_icon_alignemt":"","sfsi_plus_gutenburg_max_per_row":""},"_links":{"self":[{"href":"https:\/\/www.maltreting.pl\/index.php\/wp-json\/wp\/v2\/pages\/2263"}],"collection":[{"href":"https:\/\/www.maltreting.pl\/index.php\/wp-json\/wp\/v2\/pages"}],"about":[{"href":"https:\/\/www.maltreting.pl\/index.php\/wp-json\/wp\/v2\/types\/page"}],"author":[{"embeddable":true,"href":"https:\/\/www.maltreting.pl\/index.php\/wp-json\/wp\/v2\/users\/3"}],"replies":[{"embeddable":true,"href":"https:\/\/www.maltreting.pl\/index.php\/wp-json\/wp\/v2\/comments?post=2263"}],"version-history":[{"count":8,"href":"https:\/\/www.maltreting.pl\/index.php\/wp-json\/wp\/v2\/pages\/2263\/revisions"}],"predecessor-version":[{"id":2266,"href":"https:\/\/www.maltreting.pl\/index.php\/wp-json\/wp\/v2\/pages\/2263\/revisions\/2266"}],"wp:attachment":[{"href":"https:\/\/www.maltreting.pl\/index.php\/wp-json\/wp\/v2\/media?parent=2263"}],"curies":[{"name":"wp","href":"https:\/\/api.w.org\/{rel}","templated":true}]}}