{"id":2260,"date":"2011-10-25T23:31:02","date_gmt":"2011-10-25T21:31:02","guid":{"rendered":"http:\/\/www.maltreting.pl\/?page_id=2260"},"modified":"2015-08-13T17:10:28","modified_gmt":"2015-08-13T15:10:28","slug":"o-ewentualnej-kolaboracji","status":"publish","type":"page","link":"https:\/\/www.maltreting.pl\/index.php\/o-maltretingu\/o-ewentualnej-kolaboracji\/","title":{"rendered":"O ewentualnej kolaboracji"},"content":{"rendered":"<p>Kolaboracja wchodzi w gr\u0119.<\/p>\n<p style=\"text-align: justify;\">W\u0105tpi\u0119 co prawda, aby by\u0142a to klasyczna wsp\u00f3\u0142praca blogera z reklamodawc\u0105\u00a0&#8211; raczej z kim\u015b, kto ma fajny, rozrywkowy pomys\u0142 i kto uzna, \u017ce ja z moim profilem dzia\u0142alno\u015bci m\u00f3g\u0142bym co\u015b do tego pomys\u0142u wnie\u015b\u0107 (a ja z kolei uznam, \u017ce b\u0119d\u0119 m\u00f3g\u0142 co\u015b z niego wynie\u015b\u0107). Tym niemniej, nie wykluczam \u017cadnej ewentualno\u015bci, a <em>wszystko<\/em> to, co napisa\u0142em poni\u017cej, dotyczy tak\u017ce reklamodawc\u00f3w, i to nie tylko takich, kt\u00f3rych lubi\u0119 (s\u0105 tacy), ale tak\u017ce tych,\u00a0kt\u00f3rych serdecznie nienawidz\u0119 (to mo\u017ce si\u0119 wyda\u0107 zaskakuj\u0105ce, ale tacy te\u017c s\u0105).<\/p>\n<p>Zakres: do uzgodnienia. Byleby by\u0142o zabawnie.<\/p>\n<p>Cena: dwa miliardy. Ale si\u0119 dogadamy.<br \/>\n(Dla zdeterminowanych, by skorzysta\u0107 z jakiego\u015b gotowca, jest <a title=\"Cennik\" href=\"https:\/\/www.maltreting.pl\/index.php\/cennik\/\">cennik<\/a>. Ostatni punkt jest nawet serio &#8211; w pewnym sensie.)<\/p>\n<p>Kontakt: petrol @ maltreting . pl<\/p>\n<p style=\"text-align: center;\">* * *<\/p>\n<p style=\"text-align: justify;\">Tytu\u0142em rozwiewania ewentualnych obaw przed kontaktem z (najpewniej) nieobliczalnym blogerem:\u00a0niezale\u017cnie od tego, czy propozycja b\u0119dzie sensowna czy kompletnie nietrafiona, zako\u0144czy si\u0119 kolaboracj\u0105 czy te\u017c rozbije si\u0119 o mur braku zrozumienia, moj\u0105 ewentualn\u0105\u00a0niech\u0119\u0107, moj\u0105 pazerno\u015b\u0107, Twoje sk\u0105pstwo, w\u0105tpliwo\u015bci natury prawnej lub cokolwiek innego\u00a0&#8211; <strong>korespondencja pozostanie tylko mi\u0119dzy nami<\/strong>.<\/p>\n\n<!-- Facebook Like Button v1.9.6 BEGIN [http:\/\/blog.bottomlessinc.com] -->\n<iframe src=\"http:\/\/www.facebook.com\/plugins\/like.php?href=https%3A%2F%2Fwww.maltreting.pl%2Findex.php%2Fo-maltretingu%2Fo-ewentualnej-kolaboracji%2F&amp;layout=button_count&amp;show_faces=false&amp;width=450&amp;action=like&amp;colorscheme=light\" scrolling=\"no\" frameborder=\"0\" allowTransparency=\"true\" style=\"border:none; overflow:hidden; width:450px; height: 30px; align: left; margin: 12px 0px 6px 0px\"><\/iframe>\n<!-- Facebook Like Button END -->\n","protected":false},"excerpt":{"rendered":"<p>Kolaboracja wchodzi w gr\u0119. W\u0105tpi\u0119 co prawda, aby by\u0142a to klasyczna wsp\u00f3\u0142praca blogera z reklamodawc\u0105\u00a0&#8211; raczej z kim\u015b, kto ma fajny, rozrywkowy pomys\u0142 i kto uzna, \u017ce ja z moim profilem dzia\u0142alno\u015bci m\u00f3g\u0142bym co\u015b do tego pomys\u0142u wnie\u015b\u0107 (a ja z kolei uznam, \u017ce b\u0119d\u0119 m\u00f3g\u0142 co\u015b z niego wynie\u015b\u0107).\u2026<\/p>\n<p> <a class=\"continue-reading-link\" href=\"https:\/\/www.maltreting.pl\/index.php\/o-maltretingu\/o-ewentualnej-kolaboracji\/\"><span>Czytaj dalej<\/span><i class=\"crycon-right-dir\"><\/i><\/a> <\/p>\n","protected":false},"author":3,"featured_media":0,"parent":2526,"menu_order":3,"comment_status":"open","ping_status":"open","template":"","meta":{"sfsi_plus_gutenberg_text_before_share":"","sfsi_plus_gutenberg_show_text_before_share":"","sfsi_plus_gutenberg_icon_type":"","sfsi_plus_gutenberg_icon_alignemt":"","sfsi_plus_gutenburg_max_per_row":""},"_links":{"self":[{"href":"https:\/\/www.maltreting.pl\/index.php\/wp-json\/wp\/v2\/pages\/2260"}],"collection":[{"href":"https:\/\/www.maltreting.pl\/index.php\/wp-json\/wp\/v2\/pages"}],"about":[{"href":"https:\/\/www.maltreting.pl\/index.php\/wp-json\/wp\/v2\/types\/page"}],"author":[{"embeddable":true,"href":"https:\/\/www.maltreting.pl\/index.php\/wp-json\/wp\/v2\/users\/3"}],"replies":[{"embeddable":true,"href":"https:\/\/www.maltreting.pl\/index.php\/wp-json\/wp\/v2\/comments?post=2260"}],"version-history":[{"count":13,"href":"https:\/\/www.maltreting.pl\/index.php\/wp-json\/wp\/v2\/pages\/2260\/revisions"}],"predecessor-version":[{"id":4037,"href":"https:\/\/www.maltreting.pl\/index.php\/wp-json\/wp\/v2\/pages\/2260\/revisions\/4037"}],"up":[{"embeddable":true,"href":"https:\/\/www.maltreting.pl\/index.php\/wp-json\/wp\/v2\/pages\/2526"}],"wp:attachment":[{"href":"https:\/\/www.maltreting.pl\/index.php\/wp-json\/wp\/v2\/media?parent=2260"}],"curies":[{"name":"wp","href":"https:\/\/api.w.org\/{rel}","templated":true}]}}