{"id":1954,"date":"2011-06-13T20:53:16","date_gmt":"2011-06-13T18:53:16","guid":{"rendered":"http:\/\/www.maltreting.pl\/?page_id=1954"},"modified":"2011-06-13T20:53:16","modified_gmt":"2011-06-13T18:53:16","slug":"przejdz-na-radosna-strone-zycia-z-old-spice-oryginal","status":"publish","type":"page","link":"https:\/\/www.maltreting.pl\/index.php\/zlomowisko\/przejdz-na-radosna-strone-zycia-z-old-spice-oryginal\/","title":{"rendered":"Przejd\u017a na radosn\u0105 stron\u0119 \u017cycia. Z Old Spice. (Orygina\u0142)"},"content":{"rendered":"<p style=\"text-align: center;\">Je\u015bli zagl\u0105dacie czasem na Facebooka, to by\u0107 mo\u017ce mieli\u015bcie okazj\u0119 zobaczy\u0107 tak\u0105 reklam\u0119:<\/p>\n<div id=\"attachment_1939\" style=\"width: 272px\" class=\"wp-caption aligncenter\"><img aria-describedby=\"caption-attachment-1939\" decoding=\"async\" loading=\"lazy\" class=\"size-full wp-image-1939\" title=\"old_spice_pachniec\" src=\"https:\/\/www.maltreting.pl\/wp-content\/uploads\/2011\/06\/old_spice_pachniec.png\" alt=\"old_spice_pachniec\" width=\"262\" height=\"192\" \/><p id=\"caption-attachment-1939\" class=\"wp-caption-text\">Przypuszczam, \u017ce ta reklama na Facebooku pojawia si\u0119 tylko facetom, ale to has\u0142o mog\u0142oby zaapelowa\u0107 do wielu kobiet...<\/p><\/div>\n<p>Ja rozumiem, \u017ce dopiero co by\u0142a parada r\u00f3wno\u015bci i mamy coraz bardziej post\u0119powe spo\u0142ecze\u0144stwo. Ale id\u0119 o zak\u0142ad, \u017ce znakomita wi\u0119kszo\u015b\u0107 m\u0119\u017cczyzn w tym kraju wola\u0142aby jednak pachnie\u0107 tak, aby &#8211; jak to si\u0119 m\u00f3wi &#8211; na koniec dnia pachnie\u0107 kobiet\u0105, a nie m\u0119\u017cczyzn\u0105&#8230;<\/p>\n<p style=\"text-align: justify;\">Albo inaczej: znakomita wi\u0119kszo\u015b\u0107 m\u0119\u017cczyzn w tym kraju nie ma m\u0119\u017cczyzny, kt\u00f3rym chcia\u0142aby pachn\u0105\u0107.<\/p>\n<div id=\"attachment_1940\" style=\"width: 190px\" class=\"wp-caption aligncenter\"><img aria-describedby=\"caption-attachment-1940\" decoding=\"async\" loading=\"lazy\" class=\"size-full wp-image-1940 \" title=\"old_spice_pachniec_profil_fb\" src=\"https:\/\/www.maltreting.pl\/wp-content\/uploads\/2011\/06\/old_spice_pachniec_profil_fb.jpg\" alt=\"old_spice_pachniec_profil_fb\" width=\"180\" height=\"310\" srcset=\"https:\/\/www.maltreting.pl\/wp-content\/uploads\/2011\/06\/old_spice_pachniec_profil_fb.jpg 180w, https:\/\/www.maltreting.pl\/wp-content\/uploads\/2011\/06\/old_spice_pachniec_profil_fb-174x300.jpg 174w\" sizes=\"(max-width: 180px) 100vw, 180px\" \/><p id=\"caption-attachment-1940\" class=\"wp-caption-text\">Fotka z profilu Old Spice na FB. A\u017c chce si\u0119 za\u015bpiewa\u0107: It&#39;s fun to stay at Y-M-C-A!<\/p><\/div>\n\n<!-- Facebook Like Button v1.9.6 BEGIN [http:\/\/blog.bottomlessinc.com] -->\n<iframe src=\"http:\/\/www.facebook.com\/plugins\/like.php?href=https%3A%2F%2Fwww.maltreting.pl%2Findex.php%2Fzlomowisko%2Fprzejdz-na-radosna-strone-zycia-z-old-spice-oryginal%2F&amp;layout=button_count&amp;show_faces=false&amp;width=450&amp;action=like&amp;colorscheme=light\" scrolling=\"no\" frameborder=\"0\" allowTransparency=\"true\" style=\"border:none; overflow:hidden; width:450px; height: 30px; align: left; margin: 12px 0px 6px 0px\"><\/iframe>\n<!-- Facebook Like Button END -->\n","protected":false},"excerpt":{"rendered":"<p>Je\u015bli zagl\u0105dacie czasem na Facebooka, to by\u0107 mo\u017ce mieli\u015bcie okazj\u0119 zobaczy\u0107 tak\u0105 reklam\u0119: Ja rozumiem, \u017ce dopiero co by\u0142a parada r\u00f3wno\u015bci i mamy coraz bardziej post\u0119powe spo\u0142ecze\u0144stwo. Ale id\u0119 o zak\u0142ad, \u017ce znakomita wi\u0119kszo\u015b\u0107 m\u0119\u017cczyzn w tym kraju wola\u0142aby jednak pachnie\u0107 tak, aby &#8211; jak to si\u0119 m\u00f3wi &#8211; na\u2026<\/p>\n<p> <a class=\"continue-reading-link\" href=\"https:\/\/www.maltreting.pl\/index.php\/zlomowisko\/przejdz-na-radosna-strone-zycia-z-old-spice-oryginal\/\"><span>Czytaj dalej<\/span><i class=\"crycon-right-dir\"><\/i><\/a> <\/p>\n","protected":false},"author":3,"featured_media":0,"parent":1956,"menu_order":0,"comment_status":"open","ping_status":"open","template":"","meta":{"sfsi_plus_gutenberg_text_before_share":"","sfsi_plus_gutenberg_show_text_before_share":"","sfsi_plus_gutenberg_icon_type":"","sfsi_plus_gutenberg_icon_alignemt":"","sfsi_plus_gutenburg_max_per_row":""},"_links":{"self":[{"href":"https:\/\/www.maltreting.pl\/index.php\/wp-json\/wp\/v2\/pages\/1954"}],"collection":[{"href":"https:\/\/www.maltreting.pl\/index.php\/wp-json\/wp\/v2\/pages"}],"about":[{"href":"https:\/\/www.maltreting.pl\/index.php\/wp-json\/wp\/v2\/types\/page"}],"author":[{"embeddable":true,"href":"https:\/\/www.maltreting.pl\/index.php\/wp-json\/wp\/v2\/users\/3"}],"replies":[{"embeddable":true,"href":"https:\/\/www.maltreting.pl\/index.php\/wp-json\/wp\/v2\/comments?post=1954"}],"version-history":[{"count":4,"href":"https:\/\/www.maltreting.pl\/index.php\/wp-json\/wp\/v2\/pages\/1954\/revisions"}],"predecessor-version":[{"id":1961,"href":"https:\/\/www.maltreting.pl\/index.php\/wp-json\/wp\/v2\/pages\/1954\/revisions\/1961"}],"up":[{"embeddable":true,"href":"https:\/\/www.maltreting.pl\/index.php\/wp-json\/wp\/v2\/pages\/1956"}],"wp:attachment":[{"href":"https:\/\/www.maltreting.pl\/index.php\/wp-json\/wp\/v2\/media?parent=1954"}],"curies":[{"name":"wp","href":"https:\/\/api.w.org\/{rel}","templated":true}]}}