{"id":1013,"date":"2010-03-01T23:26:27","date_gmt":"2010-03-01T22:26:27","guid":{"rendered":"http:\/\/www.maltreting.pl\/?page_id=1013"},"modified":"2011-11-27T12:53:13","modified_gmt":"2011-11-27T10:53:13","slug":"product-placement","status":"publish","type":"page","link":"https:\/\/www.maltreting.pl\/index.php\/rozpaczliwy-slowniczek-marketingowy\/product-placement\/","title":{"rendered":"Product placement"},"content":{"rendered":"<p style=\"text-align: justify;\"><strong><em>Product placement<\/em><\/strong> &#8211; rozpaczliwa technika promocji produktu, opieraj\u0105ca si\u0119 na z gruntu b\u0142\u0119dnym za\u0142o\u017ceniu, \u017ce je\u015bli uda nam si\u0119 przekupi\u0107 producent\u00f3w filmu (serialu, programu telewizyjnego, gry etc.), aby ci w swoim dziele umie\u015bcili nasz produkt, to odbiorcy tego\u017c dzie\u0142a:<\/p>\n<ol>\n<li>najpierw go zauwa\u017c\u0105,<\/li>\n<li>potem przestan\u0105 go nienawidzi\u0107<\/li>\n<li>nast\u0119pnie go wr\u0119cz polubi\u0105<\/li>\n<li>a na koniec by\u0107 mo\u017ce kupi\u0105!<\/li>\n<\/ol>\n<p style=\"text-align: justify;\">Aby zilustrowa\u0107 nonsensowno\u015b\u0107 takiego podej\u015bcia, przyjrzyjmy si\u0119 kilku przypadkom:<\/p>\n<ul style=\"text-align: justify;\">\n<li>Wariant A: subtelny, nienachalny <em>product placement<\/em> w naprawd\u0119 dobrym, wci\u0105gaj\u0105cym i trzymaj\u0105cym w nieustannym napi\u0119ciu filmie akcji.<br \/>\nPytanie: czy ogl\u0105daj\u0105c naprawd\u0119 dobry, wci\u0105gaj\u0105cy i trzymaj\u0105cy w napi\u0119ciu film zwracacie uwag\u0119 na nienachalnie serwowane detale? <em>Product placement<\/em> le\u017cy wi\u0119c ju\u017c na punkcie pierwszym powy\u017cszej wyliczanki<\/li>\n<li>Wariant B: nachalny <em>product placement<\/em> w naprawd\u0119 dobrym, wci\u0105gaj\u0105cym i trzymaj\u0105cym w napi\u0119ciu filmie akcji&#8230; sympatii sobie raczej nie zaskarbi, prawda? Odpada na punkcie drugim wyliczanki.<\/li>\n<li>Wariant C: nienachalny &#8211; albo i nachalny &#8211; <em>product placement<\/em> w naprawd\u0119 kiepskim filmie mo\u017ce nawet przej\u015b\u0107 ca\u0142\u0105 skal\u0119 od 1 do 4 (dzi\u0119ki zasadzie kontrastu om\u00f3wionej przy okazji <a href=\"http:\/\/\">celebrity endorsement<\/a>), ale jak wielu widz\u00f3w mo\u017cna spodziewa\u0107 si\u0119 na naprawd\u0119 kiepskim filmie?<\/li>\n<\/ul>\n<p><a href=\"https:\/\/www.maltreting.pl\/index.php\/rozpaczliwy-slowniczek-marketingowy\/\">Powr\u00f3t do rozpaczliwej listy hase\u0142<\/a><\/p>\n\n<!-- Facebook Like Button v1.9.6 BEGIN [http:\/\/blog.bottomlessinc.com] -->\n<iframe src=\"http:\/\/www.facebook.com\/plugins\/like.php?href=https%3A%2F%2Fwww.maltreting.pl%2Findex.php%2Frozpaczliwy-slowniczek-marketingowy%2Fproduct-placement%2F&amp;layout=button_count&amp;show_faces=false&amp;width=450&amp;action=like&amp;colorscheme=light\" scrolling=\"no\" frameborder=\"0\" allowTransparency=\"true\" style=\"border:none; overflow:hidden; width:450px; height: 30px; align: left; margin: 12px 0px 6px 0px\"><\/iframe>\n<!-- Facebook Like Button END -->\n","protected":false},"excerpt":{"rendered":"<p>Product placement &#8211; rozpaczliwa technika promocji produktu, opieraj\u0105ca si\u0119 na z gruntu b\u0142\u0119dnym za\u0142o\u017ceniu, \u017ce je\u015bli uda nam si\u0119 przekupi\u0107 producent\u00f3w filmu (serialu, programu telewizyjnego, gry etc.), aby ci w swoim dziele umie\u015bcili nasz produkt, to odbiorcy tego\u017c dzie\u0142a: najpierw go zauwa\u017c\u0105, potem przestan\u0105 go nienawidzi\u0107 nast\u0119pnie go wr\u0119cz polubi\u0105\u2026<\/p>\n<p> <a class=\"continue-reading-link\" href=\"https:\/\/www.maltreting.pl\/index.php\/rozpaczliwy-slowniczek-marketingowy\/product-placement\/\"><span>Czytaj dalej<\/span><i class=\"crycon-right-dir\"><\/i><\/a> <\/p>\n","protected":false},"author":3,"featured_media":0,"parent":946,"menu_order":0,"comment_status":"open","ping_status":"open","template":"","meta":{"sfsi_plus_gutenberg_text_before_share":"","sfsi_plus_gutenberg_show_text_before_share":"","sfsi_plus_gutenberg_icon_type":"","sfsi_plus_gutenberg_icon_alignemt":"","sfsi_plus_gutenburg_max_per_row":""},"_links":{"self":[{"href":"https:\/\/www.maltreting.pl\/index.php\/wp-json\/wp\/v2\/pages\/1013"}],"collection":[{"href":"https:\/\/www.maltreting.pl\/index.php\/wp-json\/wp\/v2\/pages"}],"about":[{"href":"https:\/\/www.maltreting.pl\/index.php\/wp-json\/wp\/v2\/types\/page"}],"author":[{"embeddable":true,"href":"https:\/\/www.maltreting.pl\/index.php\/wp-json\/wp\/v2\/users\/3"}],"replies":[{"embeddable":true,"href":"https:\/\/www.maltreting.pl\/index.php\/wp-json\/wp\/v2\/comments?post=1013"}],"version-history":[{"count":11,"href":"https:\/\/www.maltreting.pl\/index.php\/wp-json\/wp\/v2\/pages\/1013\/revisions"}],"predecessor-version":[{"id":2421,"href":"https:\/\/www.maltreting.pl\/index.php\/wp-json\/wp\/v2\/pages\/1013\/revisions\/2421"}],"up":[{"embeddable":true,"href":"https:\/\/www.maltreting.pl\/index.php\/wp-json\/wp\/v2\/pages\/946"}],"wp:attachment":[{"href":"https:\/\/www.maltreting.pl\/index.php\/wp-json\/wp\/v2\/media?parent=1013"}],"curies":[{"name":"wp","href":"https:\/\/api.w.org\/{rel}","templated":true}]}}